{"id":5444,"date":"2023-03-16T15:45:05","date_gmt":"2023-03-16T14:45:05","guid":{"rendered":"https:\/\/aaros-perle.dk\/vermietung-und-verleih\/"},"modified":"2023-06-02T09:44:04","modified_gmt":"2023-06-02T07:44:04","slug":"vermietung","status":"publish","type":"page","link":"https:\/\/aaros-perle.dk\/de\/vermietung\/","title":{"rendered":"Vermietung"},"content":{"rendered":"<div class=\"wpb-content-wrapper\"><p>[vc_row full_width=&#8220;stretch_row&#8220;][vc_column]<div class=\"ult-spacer spacer-69f59532cb7c0\" data-id=\"69f59532cb7c0\" data-height=\"90\" data-height-mobile=\"60\" data-height-tab=\"90\" data-height-tab-portrait=\"60\" data-height-mobile-landscape=\"60\" style=\"clear:both;display:block;\"><\/div>[vc_column_text]<\/p>\n<h2>Golfwagen mieten<\/h2>\n<p>[\/vc_column_text][vc_empty_space height=&#8220;30px&#8220;][vc_separator color=&#8220;custom&#8220; accent_color=&#8220;rgba(0,0,0,0.1)&#8220;]<div class=\"ult-spacer spacer-69f59532cb81f\" data-id=\"69f59532cb81f\" data-height=\"45\" data-height-mobile=\"30\" data-height-tab=\"45\" data-height-tab-portrait=\"30\" data-height-mobile-landscape=\"30\" style=\"clear:both;display:block;\"><\/div>[vc_row_inner][vc_column_inner offset=&#8220;vc_col-lg-8 vc_col-md-8 vc_col-xs-12&#8243;][vc_column_text]<\/p>\n<h3>Mieten Sie einen Golfwagen und sehen Sie sich Aar\u00f8 an.<\/h3>\n<p>&nbsp;<\/p>\n<p>In Aar\u00f8&#8217;s-Perle k\u00f6nnen Sie Golfwagen mieten, die nach dem Prinzip &#8222;Wer zuerst kommt, mahlt zuerst&#8220; funktionieren.<br \/>\nWir haben zwei Arten von Golfwagen, Autos f\u00fcr vier Personen und Autos f\u00fcr sechs Personen.<br \/>\nUm einen Golfwagen zu mieten, m\u00fcssen Sie mindestens 18 Jahre alt sein, einen g\u00fcltigen F\u00fchrerschein besitzen und n\u00fcchtern sein.<\/p>\n<p><strong>Preis: <\/strong><\/p>\n<p>Kleinwagen mit Platz f\u00fcr vier Personen DKK 250,00 pro Stunde.<\/p>\n<p>Gro\u00dfes Auto mit Platz f\u00fcr sechs Personen 350,00 DKK pro Stunde.[\/vc_column_text]<div class=\"ult-spacer spacer-69f59532cb84a\" data-id=\"69f59532cb84a\" data-height=\"0\" data-height-mobile=\"30\" data-height-tab=\"0\" data-height-tab-portrait=\"30\" data-height-mobile-landscape=\"30\" style=\"clear:both;display:block;\"><\/div>[\/vc_column_inner][vc_column_inner offset=&#8220;vc_col-lg-4 vc_col-md-4 vc_col-xs-12&#8243;][\/vc_column_inner][\/vc_row_inner]<div class=\"ult-spacer spacer-69f59532cb86d\" data-id=\"69f59532cb86d\" data-height=\"60\" data-height-mobile=\"30\" data-height-tab=\"60\" data-height-tab-portrait=\"30\" data-height-mobile-landscape=\"30\" style=\"clear:both;display:block;\"><\/div>[vc_media_grid element_width=&#8220;3&#8243; gap=&#8220;20&#8243; grid_id=&#8220;vc_gid:1681320066529-d7df275b-8c28-7&#8243; include=&#8220;5130,5131,5121,5125&#8243;]<div class=\"ult-spacer spacer-69f59532cb88c\" data-id=\"69f59532cb88c\" data-height=\"90\" data-height-mobile=\"60\" data-height-tab=\"90\" data-height-tab-portrait=\"60\" data-height-mobile-landscape=\"60\" style=\"clear:both;display:block;\"><\/div>[\/vc_column][\/vc_row][vc_row full_width=&#8220;stretch_row&#8220; el_class=&#8220;white parallax overlay&#8220; css=&#8220;.vc_custom_1679040107813{background-image: url(https:\/\/aaros-perle.dk\/wp-content\/uploads\/2023\/03\/69e0fb38-e6e4-4b96-a777-080ef4a7291b.jpeg?id=5116) !important;background-position: center !important;background-repeat: no-repeat !important;background-size: cover !important;}&#8220;][vc_column]<div class=\"ult-spacer spacer-69f59532cb8ab\" data-id=\"69f59532cb8ab\" data-height=\"135\" data-height-mobile=\"90\" data-height-tab=\"135\" data-height-tab-portrait=\"90\" data-height-mobile-landscape=\"90\" style=\"clear:both;display:block;\"><\/div>[vc_row_inner][vc_column_inner offset=&#8220;vc_col-lg-2 vc_col-md-2 vc_col-xs-12&#8243;][\/vc_column_inner][vc_column_inner offset=&#8220;vc_col-lg-8 vc_col-md-8 vc_col-xs-12&#8243;][vc_column_text]<\/p>\n<h3 style=\"text-align: center;\">Kontakt<\/h3>\n<p style=\"text-align: center;\">Wir sind bereit, alle Ihre Fragen zu beantworten.<br \/>\nZ\u00f6gern Sie nicht anzurufen:<br \/>\n<strong>51 29 30 20<\/strong><\/p>\n<p style=\"text-align: center;\"><a class=\"custom-link\" href=\"https:\/\/aaros-perle.dk\/de\/?page_id=5430\">Kontaktieren Sie uns heute<\/a><\/p>\n<p>[\/vc_column_text][\/vc_column_inner][vc_column_inner offset=&#8220;vc_col-lg-2 vc_col-md-2 vc_col-xs-12&#8243;][\/vc_column_inner][\/vc_row_inner]<div class=\"ult-spacer spacer-69f59532cb8c8\" data-id=\"69f59532cb8c8\" data-height=\"135\" data-height-mobile=\"90\" data-height-tab=\"135\" data-height-tab-portrait=\"90\" data-height-mobile-landscape=\"90\" style=\"clear:both;display:block;\"><\/div>[\/vc_column][\/vc_row]<\/p>\n<\/div>","protected":false},"excerpt":{"rendered":"<p>[vc_row full_width=&#8220;stretch_row&#8220;][vc_column][vc_column_text] Golfwagen mieten [\/vc_column_text][vc_empty_space height=&#8220;30px&#8220;][vc_separator color=&#8220;custom&#8220; accent_color=&#8220;rgba(0,0,0,0.1)&#8220;][vc_row_inner][vc_column_inner offset=&#8220;vc_col-lg-8 vc_col-md-8 vc_col-xs-12&#8243;][vc_column_text] Mieten Sie einen Golfwagen und sehen Sie sich Aar\u00f8 an. &nbsp; In Aar\u00f8&#8217;s-Perle k\u00f6nnen Sie Golfwagen mieten, die nach dem Prinzip &#8222;Wer zuerst kommt, mahlt zuerst&#8220; funktionieren. Wir haben zwei Arten von Golfwagen, Autos f\u00fcr vier Personen und Autos f\u00fcr sechs Personen. Um einen &#8230; <a title=\"Vermietung\" class=\"read-more\" href=\"https:\/\/aaros-perle.dk\/de\/vermietung\/\" aria-label=\"Mehr zu Vermietung\">Weiterlesen &#8230;<\/a><\/p>\n","protected":false},"author":1,"featured_media":5360,"parent":0,"menu_order":9,"comment_status":"closed","ping_status":"closed","template":"","meta":{"footnotes":""},"categories":[29],"class_list":{"0":"post-5444","1":"page","2":"type-page","3":"status-publish","4":"has-post-thumbnail","6":"category-schwerpunkt"},"acf":[],"yoast_head":"<!-- This site is optimized with the Yoast SEO plugin v27.1.1 - https:\/\/yoast.com\/product\/yoast-seo-wordpress\/ -->\n<title>Vermietung &#183; Aar\u00f8&#039;s Perle<\/title>\n<meta name=\"robots\" content=\"index, follow, max-snippet:-1, max-image-preview:large, max-video-preview:-1\" \/>\n<link rel=\"canonical\" href=\"https:\/\/aaros-perle.dk\/de\/vermietung\/\" \/>\n<meta property=\"og:locale\" content=\"de_DE\" \/>\n<meta property=\"og:type\" content=\"article\" \/>\n<meta property=\"og:title\" content=\"Vermietung &#183; Aar\u00f8&#039;s Perle\" \/>\n<meta property=\"og:description\" content=\"[vc_row full_width=&#8220;stretch_row&#8220;][vc_column][vc_column_text] Golfwagen mieten [\/vc_column_text][vc_empty_space height=&#8220;30px&#8220;][vc_separator color=&#8220;custom&#8220; accent_color=&#8220;rgba(0,0,0,0.1)&#8220;][vc_row_inner][vc_column_inner offset=&#8220;vc_col-lg-8 vc_col-md-8 vc_col-xs-12&#8243;][vc_column_text] Mieten Sie einen Golfwagen und sehen Sie sich Aar\u00f8 an. &nbsp; In Aar\u00f8&#8217;s-Perle k\u00f6nnen Sie Golfwagen mieten, die nach dem Prinzip &#8222;Wer zuerst kommt, mahlt zuerst&#8220; funktionieren. Wir haben zwei Arten von Golfwagen, Autos f\u00fcr vier Personen und Autos f\u00fcr sechs Personen. Um einen ... Weiterlesen ...\" \/>\n<meta property=\"og:url\" content=\"https:\/\/aaros-perle.dk\/de\/vermietung\/\" \/>\n<meta property=\"og:site_name\" content=\"Aar\u00f8&#039;s Perle\" \/>\n<meta property=\"article:modified_time\" content=\"2023-06-02T07:44:04+00:00\" \/>\n<meta property=\"og:image\" content=\"https:\/\/aaros-perle.dk\/wp-content\/uploads\/2023\/03\/d6d2f0cb-ce32-4eb3-93ec-fc5e5632c929.jpeg\" \/>\n\t<meta property=\"og:image:width\" content=\"960\" \/>\n\t<meta property=\"og:image:height\" content=\"536\" \/>\n\t<meta property=\"og:image:type\" content=\"image\/jpeg\" \/>\n<meta name=\"twitter:card\" content=\"summary_large_image\" \/>\n<meta name=\"twitter:label1\" content=\"Gesch\u00e4tzte Lesezeit\" \/>\n\t<meta name=\"twitter:data1\" content=\"1\u00a0Minute\" \/>\n<script type=\"application\/ld+json\" class=\"yoast-schema-graph\">{\"@context\":\"https:\/\/schema.org\",\"@graph\":[{\"@type\":\"WebPage\",\"@id\":\"https:\/\/aaros-perle.dk\/de\/vermietung\/\",\"url\":\"https:\/\/aaros-perle.dk\/de\/vermietung\/\",\"name\":\"Vermietung &#183; Aar\u00f8&#039;s Perle\",\"isPartOf\":{\"@id\":\"https:\/\/aaros-perle.dk\/#website\"},\"primaryImageOfPage\":{\"@id\":\"https:\/\/aaros-perle.dk\/de\/vermietung\/#primaryimage\"},\"image\":{\"@id\":\"https:\/\/aaros-perle.dk\/de\/vermietung\/#primaryimage\"},\"thumbnailUrl\":\"https:\/\/aaros-perle.dk\/wp-content\/uploads\/2023\/03\/d6d2f0cb-ce32-4eb3-93ec-fc5e5632c929.jpeg\",\"datePublished\":\"2023-03-16T14:45:05+00:00\",\"dateModified\":\"2023-06-02T07:44:04+00:00\",\"breadcrumb\":{\"@id\":\"https:\/\/aaros-perle.dk\/de\/vermietung\/#breadcrumb\"},\"inLanguage\":\"de\",\"potentialAction\":[{\"@type\":\"ReadAction\",\"target\":[\"https:\/\/aaros-perle.dk\/de\/vermietung\/\"]}]},{\"@type\":\"ImageObject\",\"inLanguage\":\"de\",\"@id\":\"https:\/\/aaros-perle.dk\/de\/vermietung\/#primaryimage\",\"url\":\"https:\/\/aaros-perle.dk\/wp-content\/uploads\/2023\/03\/d6d2f0cb-ce32-4eb3-93ec-fc5e5632c929.jpeg\",\"contentUrl\":\"https:\/\/aaros-perle.dk\/wp-content\/uploads\/2023\/03\/d6d2f0cb-ce32-4eb3-93ec-fc5e5632c929.jpeg\",\"width\":960,\"height\":536},{\"@type\":\"BreadcrumbList\",\"@id\":\"https:\/\/aaros-perle.dk\/de\/vermietung\/#breadcrumb\",\"itemListElement\":[{\"@type\":\"ListItem\",\"position\":1,\"name\":\"Hjem\",\"item\":\"https:\/\/aaros-perle.dk\/de\/hauptseite\/\"},{\"@type\":\"ListItem\",\"position\":2,\"name\":\"Vermietung\"}]},{\"@type\":\"WebSite\",\"@id\":\"https:\/\/aaros-perle.dk\/#website\",\"url\":\"https:\/\/aaros-perle.dk\/\",\"name\":\"Aar\u00f8&#039;s Perle\",\"description\":\"Havekiosk, Bed and Breakfast og turistk\u00f8rsel i Haderslev\",\"publisher\":{\"@id\":\"https:\/\/aaros-perle.dk\/#organization\"},\"potentialAction\":[{\"@type\":\"SearchAction\",\"target\":{\"@type\":\"EntryPoint\",\"urlTemplate\":\"https:\/\/aaros-perle.dk\/?s={search_term_string}\"},\"query-input\":{\"@type\":\"PropertyValueSpecification\",\"valueRequired\":true,\"valueName\":\"search_term_string\"}}],\"inLanguage\":\"de\"},{\"@type\":\"Organization\",\"@id\":\"https:\/\/aaros-perle.dk\/#organization\",\"name\":\"Aar\u00f8&#039;s Perle\",\"url\":\"https:\/\/aaros-perle.dk\/\",\"logo\":{\"@type\":\"ImageObject\",\"inLanguage\":\"de\",\"@id\":\"https:\/\/aaros-perle.dk\/#\/schema\/logo\/image\/\",\"url\":\"https:\/\/aaros-perle.dk\/wp-content\/uploads\/2023\/04\/logo-aaroes-perle-logo.png\",\"contentUrl\":\"https:\/\/aaros-perle.dk\/wp-content\/uploads\/2023\/04\/logo-aaroes-perle-logo.png\",\"width\":1020,\"height\":244,\"caption\":\"Aar\u00f8&#039;s Perle\"},\"image\":{\"@id\":\"https:\/\/aaros-perle.dk\/#\/schema\/logo\/image\/\"}}]}<\/script>\n<!-- \/ Yoast SEO plugin. -->","yoast_head_json":{"title":"Vermietung &#183; Aar\u00f8&#039;s Perle","robots":{"index":"index","follow":"follow","max-snippet":"max-snippet:-1","max-image-preview":"max-image-preview:large","max-video-preview":"max-video-preview:-1"},"canonical":"https:\/\/aaros-perle.dk\/de\/vermietung\/","og_locale":"de_DE","og_type":"article","og_title":"Vermietung &#183; Aar\u00f8&#039;s Perle","og_description":"[vc_row full_width=&#8220;stretch_row&#8220;][vc_column][vc_column_text] Golfwagen mieten [\/vc_column_text][vc_empty_space height=&#8220;30px&#8220;][vc_separator color=&#8220;custom&#8220; accent_color=&#8220;rgba(0,0,0,0.1)&#8220;][vc_row_inner][vc_column_inner offset=&#8220;vc_col-lg-8 vc_col-md-8 vc_col-xs-12&#8243;][vc_column_text] Mieten Sie einen Golfwagen und sehen Sie sich Aar\u00f8 an. &nbsp; In Aar\u00f8&#8217;s-Perle k\u00f6nnen Sie Golfwagen mieten, die nach dem Prinzip &#8222;Wer zuerst kommt, mahlt zuerst&#8220; funktionieren. Wir haben zwei Arten von Golfwagen, Autos f\u00fcr vier Personen und Autos f\u00fcr sechs Personen. Um einen ... Weiterlesen ...","og_url":"https:\/\/aaros-perle.dk\/de\/vermietung\/","og_site_name":"Aar\u00f8&#039;s Perle","article_modified_time":"2023-06-02T07:44:04+00:00","og_image":[{"width":960,"height":536,"url":"https:\/\/aaros-perle.dk\/wp-content\/uploads\/2023\/03\/d6d2f0cb-ce32-4eb3-93ec-fc5e5632c929.jpeg","type":"image\/jpeg"}],"twitter_card":"summary_large_image","twitter_misc":{"Gesch\u00e4tzte Lesezeit":"1\u00a0Minute"},"schema":{"@context":"https:\/\/schema.org","@graph":[{"@type":"WebPage","@id":"https:\/\/aaros-perle.dk\/de\/vermietung\/","url":"https:\/\/aaros-perle.dk\/de\/vermietung\/","name":"Vermietung &#183; Aar\u00f8&#039;s Perle","isPartOf":{"@id":"https:\/\/aaros-perle.dk\/#website"},"primaryImageOfPage":{"@id":"https:\/\/aaros-perle.dk\/de\/vermietung\/#primaryimage"},"image":{"@id":"https:\/\/aaros-perle.dk\/de\/vermietung\/#primaryimage"},"thumbnailUrl":"https:\/\/aaros-perle.dk\/wp-content\/uploads\/2023\/03\/d6d2f0cb-ce32-4eb3-93ec-fc5e5632c929.jpeg","datePublished":"2023-03-16T14:45:05+00:00","dateModified":"2023-06-02T07:44:04+00:00","breadcrumb":{"@id":"https:\/\/aaros-perle.dk\/de\/vermietung\/#breadcrumb"},"inLanguage":"de","potentialAction":[{"@type":"ReadAction","target":["https:\/\/aaros-perle.dk\/de\/vermietung\/"]}]},{"@type":"ImageObject","inLanguage":"de","@id":"https:\/\/aaros-perle.dk\/de\/vermietung\/#primaryimage","url":"https:\/\/aaros-perle.dk\/wp-content\/uploads\/2023\/03\/d6d2f0cb-ce32-4eb3-93ec-fc5e5632c929.jpeg","contentUrl":"https:\/\/aaros-perle.dk\/wp-content\/uploads\/2023\/03\/d6d2f0cb-ce32-4eb3-93ec-fc5e5632c929.jpeg","width":960,"height":536},{"@type":"BreadcrumbList","@id":"https:\/\/aaros-perle.dk\/de\/vermietung\/#breadcrumb","itemListElement":[{"@type":"ListItem","position":1,"name":"Hjem","item":"https:\/\/aaros-perle.dk\/de\/hauptseite\/"},{"@type":"ListItem","position":2,"name":"Vermietung"}]},{"@type":"WebSite","@id":"https:\/\/aaros-perle.dk\/#website","url":"https:\/\/aaros-perle.dk\/","name":"Aar\u00f8&#039;s Perle","description":"Havekiosk, Bed and Breakfast og turistk\u00f8rsel i Haderslev","publisher":{"@id":"https:\/\/aaros-perle.dk\/#organization"},"potentialAction":[{"@type":"SearchAction","target":{"@type":"EntryPoint","urlTemplate":"https:\/\/aaros-perle.dk\/?s={search_term_string}"},"query-input":{"@type":"PropertyValueSpecification","valueRequired":true,"valueName":"search_term_string"}}],"inLanguage":"de"},{"@type":"Organization","@id":"https:\/\/aaros-perle.dk\/#organization","name":"Aar\u00f8&#039;s Perle","url":"https:\/\/aaros-perle.dk\/","logo":{"@type":"ImageObject","inLanguage":"de","@id":"https:\/\/aaros-perle.dk\/#\/schema\/logo\/image\/","url":"https:\/\/aaros-perle.dk\/wp-content\/uploads\/2023\/04\/logo-aaroes-perle-logo.png","contentUrl":"https:\/\/aaros-perle.dk\/wp-content\/uploads\/2023\/04\/logo-aaroes-perle-logo.png","width":1020,"height":244,"caption":"Aar\u00f8&#039;s Perle"},"image":{"@id":"https:\/\/aaros-perle.dk\/#\/schema\/logo\/image\/"}}]}},"_links":{"self":[{"href":"https:\/\/aaros-perle.dk\/de\/wp-json\/wp\/v2\/pages\/5444","targetHints":{"allow":["GET"]}}],"collection":[{"href":"https:\/\/aaros-perle.dk\/de\/wp-json\/wp\/v2\/pages"}],"about":[{"href":"https:\/\/aaros-perle.dk\/de\/wp-json\/wp\/v2\/types\/page"}],"author":[{"embeddable":true,"href":"https:\/\/aaros-perle.dk\/de\/wp-json\/wp\/v2\/users\/1"}],"replies":[{"embeddable":true,"href":"https:\/\/aaros-perle.dk\/de\/wp-json\/wp\/v2\/comments?post=5444"}],"version-history":[{"count":7,"href":"https:\/\/aaros-perle.dk\/de\/wp-json\/wp\/v2\/pages\/5444\/revisions"}],"predecessor-version":[{"id":5554,"href":"https:\/\/aaros-perle.dk\/de\/wp-json\/wp\/v2\/pages\/5444\/revisions\/5554"}],"wp:featuredmedia":[{"embeddable":true,"href":"https:\/\/aaros-perle.dk\/de\/wp-json\/wp\/v2\/media\/5360"}],"wp:attachment":[{"href":"https:\/\/aaros-perle.dk\/de\/wp-json\/wp\/v2\/media?parent=5444"}],"wp:term":[{"taxonomy":"category","embeddable":true,"href":"https:\/\/aaros-perle.dk\/de\/wp-json\/wp\/v2\/categories?post=5444"}],"curies":[{"name":"wp","href":"https:\/\/api.w.org\/{rel}","templated":true}]}}