{"id":5468,"date":"2023-03-16T15:45:03","date_gmt":"2023-03-16T14:45:03","guid":{"rendered":"https:\/\/aaros-perle.dk\/menuekarte\/"},"modified":"2023-06-02T10:39:27","modified_gmt":"2023-06-02T08:39:27","slug":"menuekarte","status":"publish","type":"page","link":"https:\/\/aaros-perle.dk\/de\/menuekarte\/","title":{"rendered":"Men\u00fckarte"},"content":{"rendered":"<div class=\"wpb-content-wrapper\"><p>[vc_row full_width=&#8220;stretch_row&#8220;][vc_column]<div class=\"ult-spacer spacer-69f5ba2c19980\" data-id=\"69f5ba2c19980\" data-height=\"90\" data-height-mobile=\"60\" data-height-tab=\"90\" data-height-tab-portrait=\"60\" data-height-mobile-landscape=\"60\" style=\"clear:both;display:block;\"><\/div>[vc_column_text]<\/p>\n<h2>Lesen Sie, was wir anbieten k\u00f6nnen<\/h2>\n<p>[\/vc_column_text][vc_empty_space height=&#8220;30px&#8220;][vc_separator color=&#8220;custom&#8220; accent_color=&#8220;rgba(0,0,0,0.1)&#8220;]<div class=\"ult-spacer spacer-69f5ba2c199c8\" data-id=\"69f5ba2c199c8\" data-height=\"45\" data-height-mobile=\"30\" data-height-tab=\"45\" data-height-tab-portrait=\"30\" data-height-mobile-landscape=\"30\" style=\"clear:both;display:block;\"><\/div>[vc_row_inner][vc_column_inner offset=&#8220;vc_col-lg-8 vc_col-md-8 vc_col-xs-12&#8243;][vc_column_text]Wir hei\u00dfen Sie in Aar\u00f8s Perle willkommen. Zus\u00e4tzlich zu den K\u00fcchengerichten bieten wir Grillgerichte, Eis, Bier, Wasser, Wein, Kaffee, Tee und Kuchen des Tages &#8211; sowie eine kleine Auswahl an Lebensmitteln im Laden.<\/p>\n<h3>Men\u00fc<\/h3>\n<p>[\/vc_column_text][vc_empty_space height=&#8220;30px&#8220;][vc_raw_html]JTVCdGFibGUlMjBpZCUzRCUyMjclMjIlMjByZXNwb25zaXZlX2JyZWFrcG9pbnQlM0QlMjJwaG9uZSUyMiUyMCUyRiU1RA==[\/vc_raw_html][\/vc_column_inner][vc_column_inner offset=&#8220;vc_col-lg-4 vc_col-md-4 vc_col-xs-12&#8243;][\/vc_column_inner][\/vc_row_inner]<div class=\"ult-spacer spacer-69f5ba2c199ec\" data-id=\"69f5ba2c199ec\" data-height=\"60\" data-height-mobile=\"30\" data-height-tab=\"60\" data-height-tab-portrait=\"30\" data-height-mobile-landscape=\"30\" style=\"clear:both;display:block;\"><\/div>[vc_row_inner][vc_column_inner width=&#8220;1\/2&#8243;][vc_column_text]W\u00e4hrend der Saison gibt es t\u00e4glich ab 8.00 Uhr frisch gebackenes Fr\u00fchst\u00fccksbrot &#8211; allerdings nur auf Vorbestellung.<\/p>\n<p><strong>Aar\u00f8s Perle bietet auch:<\/strong><\/p>\n<ul>\n<li>Bed&amp;Breakfast in malerischer Umgebung<\/li>\n<li>Golfwagen mieten<\/li>\n<li>Touristischer Verkehr<\/li>\n<li>Verschiedene Veranstaltungen w\u00e4hrend des Sommers<\/li>\n<\/ul>\n<p>Weitere Informationen finden Sie in unserem Aktivit\u00e4tskalender, den Sie auf unserer Facebook-Seite: Aar\u00f8s Perle oder im Gesch\u00e4ft finden.<\/p>\n<p>Wir verweisen auch auf unsere Website <a href=\"\/\">www.aaros-perle.dk<\/a>. Denken Sie daran, dass Sie Aar\u00f8s Perle jederzeit unter der Telefonnummer <a href=\"tel:51293020\">(+45) 51 29 30 20<\/a> erreichen k\u00f6nnen.[\/vc_column_text]<div class=\"ult-spacer spacer-69f5ba2c19a0c\" data-id=\"69f5ba2c19a0c\" data-height=\"0\" data-height-mobile=\"15\" data-height-tab=\"0\" data-height-tab-portrait=\"0\" data-height-mobile-landscape=\"15\" style=\"clear:both;display:block;\"><\/div>[\/vc_column_inner][vc_column_inner width=&#8220;1\/2&#8243;][vc_column_text]In der Saison wird t\u00e4glich ab 08.00 Uhr ein frisch zubereitetes Fr\u00fchst\u00fcck serviert &#8211; nur auf Vorbestellung.<\/p>\n<p><strong>Aar\u00f8s Perle bietet auch:<\/strong><\/p>\n<ul>\n<li>Bed&amp;Breakfast in einer wundersch\u00f6nen nat\u00fcrlichen Umgebung<\/li>\n<li>Golfwagen mieten<\/li>\n<li>Touristische Ausfl\u00fcge<\/li>\n<li>Verschiedene Veranstaltungen w\u00e4hrend des Sommers<\/li>\n<\/ul>\n<p>Mehr dazu in unserem Veranstaltungskalender, den Sie auf unserer Facebook-Seite: Aar\u00f8s Perle oder im Laden finden.<\/p>\n<p>\u00dcbrigens, besuchen Sie bitte unsere Website <a href=\"\/\">www.aaros-perle.dk<\/a> &#8211; Sie k\u00f6nnen uns auch gerne telefonisch kontaktieren: <a href=\"tel:51293020\">(+45) 51 29 30 20<\/a>[\/vc_column_text][\/vc_column_inner][\/vc_row_inner]<div class=\"ult-spacer spacer-69f5ba2c19a28\" data-id=\"69f5ba2c19a28\" data-height=\"60\" data-height-mobile=\"30\" data-height-tab=\"60\" data-height-tab-portrait=\"30\" data-height-mobile-landscape=\"30\" style=\"clear:both;display:block;\"><\/div>[vc_media_grid element_width=&#8220;3&#8243; gap=&#8220;20&#8243; grid_id=&#8220;vc_gid:1685695159788-c2df2260-c355-10&#8243; include=&#8220;5118,5116,5113,5123&#8243;]<div class=\"ult-spacer spacer-69f5ba2c19a43\" data-id=\"69f5ba2c19a43\" data-height=\"90\" data-height-mobile=\"60\" data-height-tab=\"90\" data-height-tab-portrait=\"60\" data-height-mobile-landscape=\"60\" style=\"clear:both;display:block;\"><\/div>[\/vc_column][\/vc_row][vc_row full_width=&#8220;stretch_row&#8220; el_class=&#8220;white parallax overlay&#8220; css=&#8220;.vc_custom_1679040107813{background-image: url(https:\/\/aaros-perle.dk\/wp-content\/uploads\/2023\/03\/69e0fb38-e6e4-4b96-a777-080ef4a7291b.jpeg?id=5116) !important;background-position: center !important;background-repeat: no-repeat !important;background-size: cover !important;}&#8220;][vc_column]<div class=\"ult-spacer spacer-69f5ba2c19a5d\" data-id=\"69f5ba2c19a5d\" data-height=\"135\" data-height-mobile=\"90\" data-height-tab=\"135\" data-height-tab-portrait=\"90\" data-height-mobile-landscape=\"90\" style=\"clear:both;display:block;\"><\/div>[vc_row_inner][vc_column_inner offset=&#8220;vc_col-lg-2 vc_col-md-2 vc_col-xs-12&#8243;][\/vc_column_inner][vc_column_inner offset=&#8220;vc_col-lg-8 vc_col-md-8 vc_col-xs-12&#8243;][vc_column_text]<\/p>\n<h3 style=\"text-align: center;\">Kontakt<\/h3>\n<p style=\"text-align: center;\">Wir sind bereit, alle Ihre Fragen zu beantworten.<br \/>\nZ\u00f6gern Sie nicht anzurufen:<br \/>\n<strong>51 29 30 20<\/strong><\/p>\n<p style=\"text-align: center;\"><a class=\"custom-link\" href=\"https:\/\/aaros-perle.dk\/de\/?page_id=5430\">Kontaktieren Sie uns heute<\/a><\/p>\n<p>[\/vc_column_text][\/vc_column_inner][vc_column_inner offset=&#8220;vc_col-lg-2 vc_col-md-2 vc_col-xs-12&#8243;][\/vc_column_inner][\/vc_row_inner]<div class=\"ult-spacer spacer-69f5ba2c19a77\" data-id=\"69f5ba2c19a77\" data-height=\"135\" data-height-mobile=\"90\" data-height-tab=\"135\" data-height-tab-portrait=\"90\" data-height-mobile-landscape=\"90\" style=\"clear:both;display:block;\"><\/div>[\/vc_column][\/vc_row]<\/p>\n<\/div>","protected":false},"excerpt":{"rendered":"<p>[vc_row full_width=&#8220;stretch_row&#8220;][vc_column][vc_column_text] Lesen Sie, was wir anbieten k\u00f6nnen [\/vc_column_text][vc_empty_space height=&#8220;30px&#8220;][vc_separator color=&#8220;custom&#8220; accent_color=&#8220;rgba(0,0,0,0.1)&#8220;][vc_row_inner][vc_column_inner offset=&#8220;vc_col-lg-8 vc_col-md-8 vc_col-xs-12&#8243;][vc_column_text]Wir hei\u00dfen Sie in Aar\u00f8s Perle willkommen. Zus\u00e4tzlich zu den K\u00fcchengerichten bieten wir Grillgerichte, Eis, Bier, Wasser, Wein, Kaffee, Tee und Kuchen des Tages &#8211; sowie eine kleine Auswahl an Lebensmitteln im Laden. Men\u00fc [\/vc_column_text][vc_empty_space height=&#8220;30px&#8220;][vc_raw_html]JTVCdGFibGUlMjBpZCUzRCUyMjclMjIlMjByZXNwb25zaXZlX2JyZWFrcG9pbnQlM0QlMjJwaG9uZSUyMiUyMCUyRiU1RA==[\/vc_raw_html][\/vc_column_inner][vc_column_inner offset=&#8220;vc_col-lg-4 vc_col-md-4 vc_col-xs-12&#8243;][\/vc_column_inner][\/vc_row_inner][vc_row_inner][vc_column_inner width=&#8220;1\/2&#8243;][vc_column_text]W\u00e4hrend der &#8230; <a title=\"Men\u00fckarte\" class=\"read-more\" href=\"https:\/\/aaros-perle.dk\/de\/menuekarte\/\" aria-label=\"Mehr zu Men\u00fckarte\">Weiterlesen &#8230;<\/a><\/p>\n","protected":false},"author":1,"featured_media":5354,"parent":0,"menu_order":5,"comment_status":"closed","ping_status":"closed","template":"","meta":{"footnotes":""},"categories":[29],"class_list":{"0":"post-5468","1":"page","2":"type-page","3":"status-publish","4":"has-post-thumbnail","6":"category-schwerpunkt"},"acf":[],"yoast_head":"<!-- This site is optimized with the Yoast SEO plugin v27.1.1 - https:\/\/yoast.com\/product\/yoast-seo-wordpress\/ -->\n<title>Men\u00fckarte &#183; Aar\u00f8&#039;s Perle<\/title>\n<meta name=\"robots\" content=\"index, follow, max-snippet:-1, max-image-preview:large, max-video-preview:-1\" \/>\n<link rel=\"canonical\" href=\"https:\/\/aaros-perle.dk\/de\/menuekarte\/\" \/>\n<meta property=\"og:locale\" content=\"de_DE\" \/>\n<meta property=\"og:type\" content=\"article\" \/>\n<meta property=\"og:title\" content=\"Men\u00fckarte &#183; Aar\u00f8&#039;s Perle\" \/>\n<meta property=\"og:description\" content=\"[vc_row full_width=&#8220;stretch_row&#8220;][vc_column][vc_column_text] Lesen Sie, was wir anbieten k\u00f6nnen [\/vc_column_text][vc_empty_space height=&#8220;30px&#8220;][vc_separator color=&#8220;custom&#8220; accent_color=&#8220;rgba(0,0,0,0.1)&#8220;][vc_row_inner][vc_column_inner offset=&#8220;vc_col-lg-8 vc_col-md-8 vc_col-xs-12&#8243;][vc_column_text]Wir hei\u00dfen Sie in Aar\u00f8s Perle willkommen. Zus\u00e4tzlich zu den K\u00fcchengerichten bieten wir Grillgerichte, Eis, Bier, Wasser, Wein, Kaffee, Tee und Kuchen des Tages &#8211; sowie eine kleine Auswahl an Lebensmitteln im Laden. Men\u00fc [\/vc_column_text][vc_empty_space height=&#8220;30px&#8220;][vc_raw_html]JTVCdGFibGUlMjBpZCUzRCUyMjclMjIlMjByZXNwb25zaXZlX2JyZWFrcG9pbnQlM0QlMjJwaG9uZSUyMiUyMCUyRiU1RA==[\/vc_raw_html][\/vc_column_inner][vc_column_inner offset=&#8220;vc_col-lg-4 vc_col-md-4 vc_col-xs-12&#8243;][\/vc_column_inner][\/vc_row_inner][vc_row_inner][vc_column_inner width=&#8220;1\/2&#8243;][vc_column_text]W\u00e4hrend der ... Weiterlesen ...\" \/>\n<meta property=\"og:url\" content=\"https:\/\/aaros-perle.dk\/de\/menuekarte\/\" \/>\n<meta property=\"og:site_name\" content=\"Aar\u00f8&#039;s Perle\" \/>\n<meta property=\"article:modified_time\" content=\"2023-06-02T08:39:27+00:00\" \/>\n<meta property=\"og:image\" content=\"https:\/\/aaros-perle.dk\/wp-content\/uploads\/2023\/03\/038697e1-745b-42d4-b263-ade2c6e6dd9a.jpeg\" \/>\n\t<meta property=\"og:image:width\" content=\"566\" \/>\n\t<meta property=\"og:image:height\" content=\"365\" \/>\n\t<meta property=\"og:image:type\" content=\"image\/jpeg\" \/>\n<meta name=\"twitter:card\" content=\"summary_large_image\" \/>\n<meta name=\"twitter:label1\" content=\"Gesch\u00e4tzte Lesezeit\" \/>\n\t<meta name=\"twitter:data1\" content=\"2\u00a0Minuten\" \/>\n<script type=\"application\/ld+json\" class=\"yoast-schema-graph\">{\"@context\":\"https:\/\/schema.org\",\"@graph\":[{\"@type\":\"WebPage\",\"@id\":\"https:\/\/aaros-perle.dk\/de\/menuekarte\/\",\"url\":\"https:\/\/aaros-perle.dk\/de\/menuekarte\/\",\"name\":\"Men\u00fckarte &#183; Aar\u00f8&#039;s Perle\",\"isPartOf\":{\"@id\":\"https:\/\/aaros-perle.dk\/#website\"},\"primaryImageOfPage\":{\"@id\":\"https:\/\/aaros-perle.dk\/de\/menuekarte\/#primaryimage\"},\"image\":{\"@id\":\"https:\/\/aaros-perle.dk\/de\/menuekarte\/#primaryimage\"},\"thumbnailUrl\":\"https:\/\/aaros-perle.dk\/wp-content\/uploads\/2023\/03\/038697e1-745b-42d4-b263-ade2c6e6dd9a.jpeg\",\"datePublished\":\"2023-03-16T14:45:03+00:00\",\"dateModified\":\"2023-06-02T08:39:27+00:00\",\"breadcrumb\":{\"@id\":\"https:\/\/aaros-perle.dk\/de\/menuekarte\/#breadcrumb\"},\"inLanguage\":\"de\",\"potentialAction\":[{\"@type\":\"ReadAction\",\"target\":[\"https:\/\/aaros-perle.dk\/de\/menuekarte\/\"]}]},{\"@type\":\"ImageObject\",\"inLanguage\":\"de\",\"@id\":\"https:\/\/aaros-perle.dk\/de\/menuekarte\/#primaryimage\",\"url\":\"https:\/\/aaros-perle.dk\/wp-content\/uploads\/2023\/03\/038697e1-745b-42d4-b263-ade2c6e6dd9a.jpeg\",\"contentUrl\":\"https:\/\/aaros-perle.dk\/wp-content\/uploads\/2023\/03\/038697e1-745b-42d4-b263-ade2c6e6dd9a.jpeg\",\"width\":566,\"height\":365},{\"@type\":\"BreadcrumbList\",\"@id\":\"https:\/\/aaros-perle.dk\/de\/menuekarte\/#breadcrumb\",\"itemListElement\":[{\"@type\":\"ListItem\",\"position\":1,\"name\":\"Hjem\",\"item\":\"https:\/\/aaros-perle.dk\/de\/hauptseite\/\"},{\"@type\":\"ListItem\",\"position\":2,\"name\":\"Men\u00fckarte\"}]},{\"@type\":\"WebSite\",\"@id\":\"https:\/\/aaros-perle.dk\/#website\",\"url\":\"https:\/\/aaros-perle.dk\/\",\"name\":\"Aar\u00f8&#039;s Perle\",\"description\":\"Havekiosk, Bed and Breakfast og turistk\u00f8rsel i Haderslev\",\"publisher\":{\"@id\":\"https:\/\/aaros-perle.dk\/#organization\"},\"potentialAction\":[{\"@type\":\"SearchAction\",\"target\":{\"@type\":\"EntryPoint\",\"urlTemplate\":\"https:\/\/aaros-perle.dk\/?s={search_term_string}\"},\"query-input\":{\"@type\":\"PropertyValueSpecification\",\"valueRequired\":true,\"valueName\":\"search_term_string\"}}],\"inLanguage\":\"de\"},{\"@type\":\"Organization\",\"@id\":\"https:\/\/aaros-perle.dk\/#organization\",\"name\":\"Aar\u00f8&#039;s Perle\",\"url\":\"https:\/\/aaros-perle.dk\/\",\"logo\":{\"@type\":\"ImageObject\",\"inLanguage\":\"de\",\"@id\":\"https:\/\/aaros-perle.dk\/#\/schema\/logo\/image\/\",\"url\":\"https:\/\/aaros-perle.dk\/wp-content\/uploads\/2023\/04\/logo-aaroes-perle-logo.png\",\"contentUrl\":\"https:\/\/aaros-perle.dk\/wp-content\/uploads\/2023\/04\/logo-aaroes-perle-logo.png\",\"width\":1020,\"height\":244,\"caption\":\"Aar\u00f8&#039;s Perle\"},\"image\":{\"@id\":\"https:\/\/aaros-perle.dk\/#\/schema\/logo\/image\/\"}}]}<\/script>\n<!-- \/ Yoast SEO plugin. -->","yoast_head_json":{"title":"Men\u00fckarte &#183; Aar\u00f8&#039;s Perle","robots":{"index":"index","follow":"follow","max-snippet":"max-snippet:-1","max-image-preview":"max-image-preview:large","max-video-preview":"max-video-preview:-1"},"canonical":"https:\/\/aaros-perle.dk\/de\/menuekarte\/","og_locale":"de_DE","og_type":"article","og_title":"Men\u00fckarte &#183; Aar\u00f8&#039;s Perle","og_description":"[vc_row full_width=&#8220;stretch_row&#8220;][vc_column][vc_column_text] Lesen Sie, was wir anbieten k\u00f6nnen [\/vc_column_text][vc_empty_space height=&#8220;30px&#8220;][vc_separator color=&#8220;custom&#8220; accent_color=&#8220;rgba(0,0,0,0.1)&#8220;][vc_row_inner][vc_column_inner offset=&#8220;vc_col-lg-8 vc_col-md-8 vc_col-xs-12&#8243;][vc_column_text]Wir hei\u00dfen Sie in Aar\u00f8s Perle willkommen. Zus\u00e4tzlich zu den K\u00fcchengerichten bieten wir Grillgerichte, Eis, Bier, Wasser, Wein, Kaffee, Tee und Kuchen des Tages &#8211; sowie eine kleine Auswahl an Lebensmitteln im Laden. Men\u00fc [\/vc_column_text][vc_empty_space height=&#8220;30px&#8220;][vc_raw_html]JTVCdGFibGUlMjBpZCUzRCUyMjclMjIlMjByZXNwb25zaXZlX2JyZWFrcG9pbnQlM0QlMjJwaG9uZSUyMiUyMCUyRiU1RA==[\/vc_raw_html][\/vc_column_inner][vc_column_inner offset=&#8220;vc_col-lg-4 vc_col-md-4 vc_col-xs-12&#8243;][\/vc_column_inner][\/vc_row_inner][vc_row_inner][vc_column_inner width=&#8220;1\/2&#8243;][vc_column_text]W\u00e4hrend der ... Weiterlesen ...","og_url":"https:\/\/aaros-perle.dk\/de\/menuekarte\/","og_site_name":"Aar\u00f8&#039;s Perle","article_modified_time":"2023-06-02T08:39:27+00:00","og_image":[{"width":566,"height":365,"url":"https:\/\/aaros-perle.dk\/wp-content\/uploads\/2023\/03\/038697e1-745b-42d4-b263-ade2c6e6dd9a.jpeg","type":"image\/jpeg"}],"twitter_card":"summary_large_image","twitter_misc":{"Gesch\u00e4tzte Lesezeit":"2\u00a0Minuten"},"schema":{"@context":"https:\/\/schema.org","@graph":[{"@type":"WebPage","@id":"https:\/\/aaros-perle.dk\/de\/menuekarte\/","url":"https:\/\/aaros-perle.dk\/de\/menuekarte\/","name":"Men\u00fckarte &#183; Aar\u00f8&#039;s Perle","isPartOf":{"@id":"https:\/\/aaros-perle.dk\/#website"},"primaryImageOfPage":{"@id":"https:\/\/aaros-perle.dk\/de\/menuekarte\/#primaryimage"},"image":{"@id":"https:\/\/aaros-perle.dk\/de\/menuekarte\/#primaryimage"},"thumbnailUrl":"https:\/\/aaros-perle.dk\/wp-content\/uploads\/2023\/03\/038697e1-745b-42d4-b263-ade2c6e6dd9a.jpeg","datePublished":"2023-03-16T14:45:03+00:00","dateModified":"2023-06-02T08:39:27+00:00","breadcrumb":{"@id":"https:\/\/aaros-perle.dk\/de\/menuekarte\/#breadcrumb"},"inLanguage":"de","potentialAction":[{"@type":"ReadAction","target":["https:\/\/aaros-perle.dk\/de\/menuekarte\/"]}]},{"@type":"ImageObject","inLanguage":"de","@id":"https:\/\/aaros-perle.dk\/de\/menuekarte\/#primaryimage","url":"https:\/\/aaros-perle.dk\/wp-content\/uploads\/2023\/03\/038697e1-745b-42d4-b263-ade2c6e6dd9a.jpeg","contentUrl":"https:\/\/aaros-perle.dk\/wp-content\/uploads\/2023\/03\/038697e1-745b-42d4-b263-ade2c6e6dd9a.jpeg","width":566,"height":365},{"@type":"BreadcrumbList","@id":"https:\/\/aaros-perle.dk\/de\/menuekarte\/#breadcrumb","itemListElement":[{"@type":"ListItem","position":1,"name":"Hjem","item":"https:\/\/aaros-perle.dk\/de\/hauptseite\/"},{"@type":"ListItem","position":2,"name":"Men\u00fckarte"}]},{"@type":"WebSite","@id":"https:\/\/aaros-perle.dk\/#website","url":"https:\/\/aaros-perle.dk\/","name":"Aar\u00f8&#039;s Perle","description":"Havekiosk, Bed and Breakfast og turistk\u00f8rsel i Haderslev","publisher":{"@id":"https:\/\/aaros-perle.dk\/#organization"},"potentialAction":[{"@type":"SearchAction","target":{"@type":"EntryPoint","urlTemplate":"https:\/\/aaros-perle.dk\/?s={search_term_string}"},"query-input":{"@type":"PropertyValueSpecification","valueRequired":true,"valueName":"search_term_string"}}],"inLanguage":"de"},{"@type":"Organization","@id":"https:\/\/aaros-perle.dk\/#organization","name":"Aar\u00f8&#039;s Perle","url":"https:\/\/aaros-perle.dk\/","logo":{"@type":"ImageObject","inLanguage":"de","@id":"https:\/\/aaros-perle.dk\/#\/schema\/logo\/image\/","url":"https:\/\/aaros-perle.dk\/wp-content\/uploads\/2023\/04\/logo-aaroes-perle-logo.png","contentUrl":"https:\/\/aaros-perle.dk\/wp-content\/uploads\/2023\/04\/logo-aaroes-perle-logo.png","width":1020,"height":244,"caption":"Aar\u00f8&#039;s Perle"},"image":{"@id":"https:\/\/aaros-perle.dk\/#\/schema\/logo\/image\/"}}]}},"_links":{"self":[{"href":"https:\/\/aaros-perle.dk\/de\/wp-json\/wp\/v2\/pages\/5468","targetHints":{"allow":["GET"]}}],"collection":[{"href":"https:\/\/aaros-perle.dk\/de\/wp-json\/wp\/v2\/pages"}],"about":[{"href":"https:\/\/aaros-perle.dk\/de\/wp-json\/wp\/v2\/types\/page"}],"author":[{"embeddable":true,"href":"https:\/\/aaros-perle.dk\/de\/wp-json\/wp\/v2\/users\/1"}],"replies":[{"embeddable":true,"href":"https:\/\/aaros-perle.dk\/de\/wp-json\/wp\/v2\/comments?post=5468"}],"version-history":[{"count":10,"href":"https:\/\/aaros-perle.dk\/de\/wp-json\/wp\/v2\/pages\/5468\/revisions"}],"predecessor-version":[{"id":5586,"href":"https:\/\/aaros-perle.dk\/de\/wp-json\/wp\/v2\/pages\/5468\/revisions\/5586"}],"wp:featuredmedia":[{"embeddable":true,"href":"https:\/\/aaros-perle.dk\/de\/wp-json\/wp\/v2\/media\/5354"}],"wp:attachment":[{"href":"https:\/\/aaros-perle.dk\/de\/wp-json\/wp\/v2\/media?parent=5468"}],"wp:term":[{"taxonomy":"category","embeddable":true,"href":"https:\/\/aaros-perle.dk\/de\/wp-json\/wp\/v2\/categories?post=5468"}],"curies":[{"name":"wp","href":"https:\/\/api.w.org\/{rel}","templated":true}]}}