{"id":5490,"date":"2023-03-16T15:45:04","date_gmt":"2023-03-16T14:45:04","guid":{"rendered":"https:\/\/aaros-perle.dk\/preis-der-unterkunft\/"},"modified":"2023-06-02T08:52:16","modified_gmt":"2023-06-02T06:52:16","slug":"preis-der-unterkunft","status":"publish","type":"page","link":"https:\/\/aaros-perle.dk\/de\/preis-der-unterkunft\/","title":{"rendered":"Preis der Unterkunft"},"content":{"rendered":"<div class=\"wpb-content-wrapper\"><p>[vc_row full_width=&#8220;stretch_row&#8220;][vc_column]<div class=\"ult-spacer spacer-69f5956cbcd3d\" data-id=\"69f5956cbcd3d\" data-height=\"90\" data-height-mobile=\"60\" data-height-tab=\"90\" data-height-tab-portrait=\"60\" data-height-mobile-landscape=\"60\" style=\"clear:both;display:block;\"><\/div>[vc_column_text]<\/p>\n<h2>Unterkunftspreis pro Nacht<\/h2>\n<p>[\/vc_column_text][vc_empty_space height=&#8220;30px&#8220;][vc_separator color=&#8220;custom&#8220; accent_color=&#8220;rgba(0,0,0,0.1)&#8220;]<div class=\"ult-spacer spacer-69f5956cbcd88\" data-id=\"69f5956cbcd88\" data-height=\"45\" data-height-mobile=\"30\" data-height-tab=\"45\" data-height-tab-portrait=\"30\" data-height-mobile-landscape=\"30\" style=\"clear:both;display:block;\"><\/div>[vc_row_inner][vc_column_inner offset=&#8220;vc_col-lg-8 vc_col-md-8 vc_col-xs-12&#8243;][vc_column_text]Einzelzimmer kr. 450,-<\/p>\n<p>Doppelzimmer DKK 550,-<\/p>\n<p>Bettw\u00e4sche kr. 99,-<\/p>\n<p>&nbsp;<\/p>\n<p>Das Fr\u00fchst\u00fcck kann in Aar\u00f8s Perle f\u00fcr 99 DKK pro Person erworben werden.<\/p>\n<p>&nbsp;<\/p>\n<p>F\u00fcr Reservierungen\/Buchungen wenden Sie sich bitte an Olaf S\u00f8gaard, Tel.  <strong>51 29 30 20.<\/strong>[\/vc_column_text]<div class=\"ult-spacer spacer-69f5956cbcdb9\" data-id=\"69f5956cbcdb9\" data-height=\"0\" data-height-mobile=\"30\" data-height-tab=\"0\" data-height-tab-portrait=\"30\" data-height-mobile-landscape=\"30\" style=\"clear:both;display:block;\"><\/div>[\/vc_column_inner][vc_column_inner offset=&#8220;vc_col-lg-4 vc_col-md-4 vc_col-xs-12&#8243;][\/vc_column_inner][\/vc_row_inner]<div class=\"ult-spacer spacer-69f5956cbcddb\" data-id=\"69f5956cbcddb\" data-height=\"60\" data-height-mobile=\"30\" data-height-tab=\"60\" data-height-tab-portrait=\"30\" data-height-mobile-landscape=\"30\" style=\"clear:both;display:block;\"><\/div>[vc_media_grid element_width=&#8220;3&#8243; gap=&#8220;20&#8243; grid_id=&#8220;vc_gid:1681317944527-bc5d628b-853e-10&#8243; include=&#8220;5116,5117,5119,5123&#8243;]<div class=\"ult-spacer spacer-69f5956cbcdfc\" data-id=\"69f5956cbcdfc\" data-height=\"90\" data-height-mobile=\"60\" data-height-tab=\"90\" data-height-tab-portrait=\"60\" data-height-mobile-landscape=\"60\" style=\"clear:both;display:block;\"><\/div>[\/vc_column][\/vc_row][vc_row full_width=&#8220;stretch_row&#8220; el_class=&#8220;white parallax overlay&#8220; css=&#8220;.vc_custom_1679040107813{background-image: url(https:\/\/aaros-perle.dk\/wp-content\/uploads\/2023\/03\/69e0fb38-e6e4-4b96-a777-080ef4a7291b.jpeg?id=5116) !important;background-position: center !important;background-repeat: no-repeat !important;background-size: cover !important;}&#8220;][vc_column]<div class=\"ult-spacer spacer-69f5956cbce1b\" data-id=\"69f5956cbce1b\" data-height=\"135\" data-height-mobile=\"90\" data-height-tab=\"135\" data-height-tab-portrait=\"90\" data-height-mobile-landscape=\"90\" style=\"clear:both;display:block;\"><\/div>[vc_row_inner][vc_column_inner offset=&#8220;vc_col-lg-2 vc_col-md-2 vc_col-xs-12&#8243;][\/vc_column_inner][vc_column_inner offset=&#8220;vc_col-lg-8 vc_col-md-8 vc_col-xs-12&#8243;][vc_column_text]<\/p>\n<h3 style=\"text-align: center;\">Kontakt<\/h3>\n<p style=\"text-align: center;\">Wir sind bereit, alle Ihre Fragen zu beantworten.<br \/>\nZ\u00f6gern Sie nicht anzurufen:<br \/>\n<strong>51 29 30 20<\/strong><\/p>\n<p style=\"text-align: center;\"><a class=\"custom-link\" href=\"https:\/\/aaros-perle.dk\/de\/?page_id=5430\">Kontaktieren Sie uns heute<\/a><\/p>\n<p>[\/vc_column_text][\/vc_column_inner][vc_column_inner offset=&#8220;vc_col-lg-2 vc_col-md-2 vc_col-xs-12&#8243;][\/vc_column_inner][\/vc_row_inner]<div class=\"ult-spacer spacer-69f5956cbce39\" data-id=\"69f5956cbce39\" data-height=\"135\" data-height-mobile=\"90\" data-height-tab=\"135\" data-height-tab-portrait=\"90\" data-height-mobile-landscape=\"90\" style=\"clear:both;display:block;\"><\/div>[\/vc_column][\/vc_row]<\/p>\n<\/div>","protected":false},"excerpt":{"rendered":"<p>[vc_row full_width=&#8220;stretch_row&#8220;][vc_column][vc_column_text] Unterkunftspreis pro Nacht [\/vc_column_text][vc_empty_space height=&#8220;30px&#8220;][vc_separator color=&#8220;custom&#8220; accent_color=&#8220;rgba(0,0,0,0.1)&#8220;][vc_row_inner][vc_column_inner offset=&#8220;vc_col-lg-8 vc_col-md-8 vc_col-xs-12&#8243;][vc_column_text]Einzelzimmer kr. 450,- Doppelzimmer DKK 550,- Bettw\u00e4sche kr. 99,- &nbsp; Das Fr\u00fchst\u00fcck kann in Aar\u00f8s Perle f\u00fcr 99 DKK pro Person erworben werden. &nbsp; F\u00fcr Reservierungen\/Buchungen wenden Sie sich bitte an Olaf S\u00f8gaard, Tel. 51 29 30 20.[\/vc_column_text][\/vc_column_inner][vc_column_inner offset=&#8220;vc_col-lg-4 vc_col-md-4 vc_col-xs-12&#8243;][\/vc_column_inner][\/vc_row_inner][vc_media_grid element_width=&#8220;3&#8243; gap=&#8220;20&#8243; grid_id=&#8220;vc_gid:1681317944527-bc5d628b-853e-10&#8243; &#8230; <a title=\"Preis der Unterkunft\" class=\"read-more\" href=\"https:\/\/aaros-perle.dk\/de\/preis-der-unterkunft\/\" aria-label=\"Mehr zu Preis der Unterkunft\">Weiterlesen &#8230;<\/a><\/p>\n","protected":false},"author":1,"featured_media":5362,"parent":0,"menu_order":7,"comment_status":"closed","ping_status":"closed","template":"","meta":{"footnotes":""},"categories":[],"class_list":["post-5490","page","type-page","status-publish","has-post-thumbnail"],"acf":[],"yoast_head":"<!-- This site is optimized with the Yoast SEO plugin v27.1.1 - https:\/\/yoast.com\/product\/yoast-seo-wordpress\/ -->\n<title>Preis der Unterkunft &#183; Aar\u00f8&#039;s Perle<\/title>\n<meta name=\"robots\" content=\"index, follow, max-snippet:-1, max-image-preview:large, max-video-preview:-1\" \/>\n<link rel=\"canonical\" href=\"https:\/\/aaros-perle.dk\/de\/?page_id=5490\" \/>\n<meta property=\"og:locale\" content=\"de_DE\" \/>\n<meta property=\"og:type\" content=\"article\" \/>\n<meta property=\"og:title\" content=\"Preis der Unterkunft &#183; Aar\u00f8&#039;s Perle\" \/>\n<meta property=\"og:description\" content=\"[vc_row full_width=&#8220;stretch_row&#8220;][vc_column][vc_column_text] Unterkunftspreis pro Nacht [\/vc_column_text][vc_empty_space height=&#8220;30px&#8220;][vc_separator color=&#8220;custom&#8220; accent_color=&#8220;rgba(0,0,0,0.1)&#8220;][vc_row_inner][vc_column_inner offset=&#8220;vc_col-lg-8 vc_col-md-8 vc_col-xs-12&#8243;][vc_column_text]Einzelzimmer kr. 450,- Doppelzimmer DKK 550,- Bettw\u00e4sche kr. 99,- &nbsp; Das Fr\u00fchst\u00fcck kann in Aar\u00f8s Perle f\u00fcr 99 DKK pro Person erworben werden. &nbsp; F\u00fcr Reservierungen\/Buchungen wenden Sie sich bitte an Olaf S\u00f8gaard, Tel. 51 29 30 20.[\/vc_column_text][\/vc_column_inner][vc_column_inner offset=&#8220;vc_col-lg-4 vc_col-md-4 vc_col-xs-12&#8243;][\/vc_column_inner][\/vc_row_inner][vc_media_grid element_width=&#8220;3&#8243; gap=&#8220;20&#8243; grid_id=&#8220;vc_gid:1681317944527-bc5d628b-853e-10&#8243; ... Weiterlesen ...\" \/>\n<meta property=\"og:url\" content=\"https:\/\/aaros-perle.dk\/de\/?page_id=5490\" \/>\n<meta property=\"og:site_name\" content=\"Aar\u00f8&#039;s Perle\" \/>\n<meta property=\"article:modified_time\" content=\"2023-06-02T06:52:16+00:00\" \/>\n<meta property=\"og:image\" content=\"https:\/\/aaros-perle.dk\/wp-content\/uploads\/2023\/03\/d9d181ef-cced-473c-b23a-20ef1ed5c889.jpeg\" \/>\n\t<meta property=\"og:image:width\" content=\"2048\" \/>\n\t<meta property=\"og:image:height\" content=\"1152\" \/>\n\t<meta property=\"og:image:type\" content=\"image\/jpeg\" \/>\n<meta name=\"twitter:card\" content=\"summary_large_image\" \/>\n<meta name=\"twitter:label1\" content=\"Gesch\u00e4tzte Lesezeit\" \/>\n\t<meta name=\"twitter:data1\" content=\"2\u00a0Minuten\" \/>\n<script type=\"application\/ld+json\" class=\"yoast-schema-graph\">{\"@context\":\"https:\/\/schema.org\",\"@graph\":[{\"@type\":\"WebPage\",\"@id\":\"https:\/\/aaros-perle.dk\/de\/?page_id=5490\",\"url\":\"https:\/\/aaros-perle.dk\/de\/?page_id=5490\",\"name\":\"Preis der Unterkunft &#183; Aar\u00f8&#039;s Perle\",\"isPartOf\":{\"@id\":\"https:\/\/aaros-perle.dk\/#website\"},\"primaryImageOfPage\":{\"@id\":\"https:\/\/aaros-perle.dk\/de\/?page_id=5490#primaryimage\"},\"image\":{\"@id\":\"https:\/\/aaros-perle.dk\/de\/?page_id=5490#primaryimage\"},\"thumbnailUrl\":\"https:\/\/aaros-perle.dk\/wp-content\/uploads\/2023\/03\/d9d181ef-cced-473c-b23a-20ef1ed5c889.jpeg\",\"datePublished\":\"2023-03-16T14:45:04+00:00\",\"dateModified\":\"2023-06-02T06:52:16+00:00\",\"breadcrumb\":{\"@id\":\"https:\/\/aaros-perle.dk\/de\/?page_id=5490#breadcrumb\"},\"inLanguage\":\"de\",\"potentialAction\":[{\"@type\":\"ReadAction\",\"target\":[\"https:\/\/aaros-perle.dk\/de\/?page_id=5490\"]}]},{\"@type\":\"ImageObject\",\"inLanguage\":\"de\",\"@id\":\"https:\/\/aaros-perle.dk\/de\/?page_id=5490#primaryimage\",\"url\":\"https:\/\/aaros-perle.dk\/wp-content\/uploads\/2023\/03\/d9d181ef-cced-473c-b23a-20ef1ed5c889.jpeg\",\"contentUrl\":\"https:\/\/aaros-perle.dk\/wp-content\/uploads\/2023\/03\/d9d181ef-cced-473c-b23a-20ef1ed5c889.jpeg\",\"width\":2048,\"height\":1152},{\"@type\":\"BreadcrumbList\",\"@id\":\"https:\/\/aaros-perle.dk\/de\/?page_id=5490#breadcrumb\",\"itemListElement\":[{\"@type\":\"ListItem\",\"position\":1,\"name\":\"Hjem\",\"item\":\"https:\/\/aaros-perle.dk\/de\/hauptseite\/\"},{\"@type\":\"ListItem\",\"position\":2,\"name\":\"Preis der Unterkunft\"}]},{\"@type\":\"WebSite\",\"@id\":\"https:\/\/aaros-perle.dk\/#website\",\"url\":\"https:\/\/aaros-perle.dk\/\",\"name\":\"Aar\u00f8&#039;s Perle\",\"description\":\"Havekiosk, Bed and Breakfast og turistk\u00f8rsel i Haderslev\",\"publisher\":{\"@id\":\"https:\/\/aaros-perle.dk\/#organization\"},\"potentialAction\":[{\"@type\":\"SearchAction\",\"target\":{\"@type\":\"EntryPoint\",\"urlTemplate\":\"https:\/\/aaros-perle.dk\/?s={search_term_string}\"},\"query-input\":{\"@type\":\"PropertyValueSpecification\",\"valueRequired\":true,\"valueName\":\"search_term_string\"}}],\"inLanguage\":\"de\"},{\"@type\":\"Organization\",\"@id\":\"https:\/\/aaros-perle.dk\/#organization\",\"name\":\"Aar\u00f8&#039;s Perle\",\"url\":\"https:\/\/aaros-perle.dk\/\",\"logo\":{\"@type\":\"ImageObject\",\"inLanguage\":\"de\",\"@id\":\"https:\/\/aaros-perle.dk\/#\/schema\/logo\/image\/\",\"url\":\"https:\/\/aaros-perle.dk\/wp-content\/uploads\/2023\/04\/logo-aaroes-perle-logo.png\",\"contentUrl\":\"https:\/\/aaros-perle.dk\/wp-content\/uploads\/2023\/04\/logo-aaroes-perle-logo.png\",\"width\":1020,\"height\":244,\"caption\":\"Aar\u00f8&#039;s Perle\"},\"image\":{\"@id\":\"https:\/\/aaros-perle.dk\/#\/schema\/logo\/image\/\"}}]}<\/script>\n<!-- \/ Yoast SEO plugin. -->","yoast_head_json":{"title":"Preis der Unterkunft &#183; Aar\u00f8&#039;s Perle","robots":{"index":"index","follow":"follow","max-snippet":"max-snippet:-1","max-image-preview":"max-image-preview:large","max-video-preview":"max-video-preview:-1"},"canonical":"https:\/\/aaros-perle.dk\/de\/?page_id=5490","og_locale":"de_DE","og_type":"article","og_title":"Preis der Unterkunft &#183; Aar\u00f8&#039;s Perle","og_description":"[vc_row full_width=&#8220;stretch_row&#8220;][vc_column][vc_column_text] Unterkunftspreis pro Nacht [\/vc_column_text][vc_empty_space height=&#8220;30px&#8220;][vc_separator color=&#8220;custom&#8220; accent_color=&#8220;rgba(0,0,0,0.1)&#8220;][vc_row_inner][vc_column_inner offset=&#8220;vc_col-lg-8 vc_col-md-8 vc_col-xs-12&#8243;][vc_column_text]Einzelzimmer kr. 450,- Doppelzimmer DKK 550,- Bettw\u00e4sche kr. 99,- &nbsp; Das Fr\u00fchst\u00fcck kann in Aar\u00f8s Perle f\u00fcr 99 DKK pro Person erworben werden. &nbsp; F\u00fcr Reservierungen\/Buchungen wenden Sie sich bitte an Olaf S\u00f8gaard, Tel. 51 29 30 20.[\/vc_column_text][\/vc_column_inner][vc_column_inner offset=&#8220;vc_col-lg-4 vc_col-md-4 vc_col-xs-12&#8243;][\/vc_column_inner][\/vc_row_inner][vc_media_grid element_width=&#8220;3&#8243; gap=&#8220;20&#8243; grid_id=&#8220;vc_gid:1681317944527-bc5d628b-853e-10&#8243; ... Weiterlesen ...","og_url":"https:\/\/aaros-perle.dk\/de\/?page_id=5490","og_site_name":"Aar\u00f8&#039;s Perle","article_modified_time":"2023-06-02T06:52:16+00:00","og_image":[{"width":2048,"height":1152,"url":"https:\/\/aaros-perle.dk\/wp-content\/uploads\/2023\/03\/d9d181ef-cced-473c-b23a-20ef1ed5c889.jpeg","type":"image\/jpeg"}],"twitter_card":"summary_large_image","twitter_misc":{"Gesch\u00e4tzte Lesezeit":"2\u00a0Minuten"},"schema":{"@context":"https:\/\/schema.org","@graph":[{"@type":"WebPage","@id":"https:\/\/aaros-perle.dk\/de\/?page_id=5490","url":"https:\/\/aaros-perle.dk\/de\/?page_id=5490","name":"Preis der Unterkunft &#183; Aar\u00f8&#039;s Perle","isPartOf":{"@id":"https:\/\/aaros-perle.dk\/#website"},"primaryImageOfPage":{"@id":"https:\/\/aaros-perle.dk\/de\/?page_id=5490#primaryimage"},"image":{"@id":"https:\/\/aaros-perle.dk\/de\/?page_id=5490#primaryimage"},"thumbnailUrl":"https:\/\/aaros-perle.dk\/wp-content\/uploads\/2023\/03\/d9d181ef-cced-473c-b23a-20ef1ed5c889.jpeg","datePublished":"2023-03-16T14:45:04+00:00","dateModified":"2023-06-02T06:52:16+00:00","breadcrumb":{"@id":"https:\/\/aaros-perle.dk\/de\/?page_id=5490#breadcrumb"},"inLanguage":"de","potentialAction":[{"@type":"ReadAction","target":["https:\/\/aaros-perle.dk\/de\/?page_id=5490"]}]},{"@type":"ImageObject","inLanguage":"de","@id":"https:\/\/aaros-perle.dk\/de\/?page_id=5490#primaryimage","url":"https:\/\/aaros-perle.dk\/wp-content\/uploads\/2023\/03\/d9d181ef-cced-473c-b23a-20ef1ed5c889.jpeg","contentUrl":"https:\/\/aaros-perle.dk\/wp-content\/uploads\/2023\/03\/d9d181ef-cced-473c-b23a-20ef1ed5c889.jpeg","width":2048,"height":1152},{"@type":"BreadcrumbList","@id":"https:\/\/aaros-perle.dk\/de\/?page_id=5490#breadcrumb","itemListElement":[{"@type":"ListItem","position":1,"name":"Hjem","item":"https:\/\/aaros-perle.dk\/de\/hauptseite\/"},{"@type":"ListItem","position":2,"name":"Preis der Unterkunft"}]},{"@type":"WebSite","@id":"https:\/\/aaros-perle.dk\/#website","url":"https:\/\/aaros-perle.dk\/","name":"Aar\u00f8&#039;s Perle","description":"Havekiosk, Bed and Breakfast og turistk\u00f8rsel i Haderslev","publisher":{"@id":"https:\/\/aaros-perle.dk\/#organization"},"potentialAction":[{"@type":"SearchAction","target":{"@type":"EntryPoint","urlTemplate":"https:\/\/aaros-perle.dk\/?s={search_term_string}"},"query-input":{"@type":"PropertyValueSpecification","valueRequired":true,"valueName":"search_term_string"}}],"inLanguage":"de"},{"@type":"Organization","@id":"https:\/\/aaros-perle.dk\/#organization","name":"Aar\u00f8&#039;s Perle","url":"https:\/\/aaros-perle.dk\/","logo":{"@type":"ImageObject","inLanguage":"de","@id":"https:\/\/aaros-perle.dk\/#\/schema\/logo\/image\/","url":"https:\/\/aaros-perle.dk\/wp-content\/uploads\/2023\/04\/logo-aaroes-perle-logo.png","contentUrl":"https:\/\/aaros-perle.dk\/wp-content\/uploads\/2023\/04\/logo-aaroes-perle-logo.png","width":1020,"height":244,"caption":"Aar\u00f8&#039;s Perle"},"image":{"@id":"https:\/\/aaros-perle.dk\/#\/schema\/logo\/image\/"}}]}},"_links":{"self":[{"href":"https:\/\/aaros-perle.dk\/de\/wp-json\/wp\/v2\/pages\/5490","targetHints":{"allow":["GET"]}}],"collection":[{"href":"https:\/\/aaros-perle.dk\/de\/wp-json\/wp\/v2\/pages"}],"about":[{"href":"https:\/\/aaros-perle.dk\/de\/wp-json\/wp\/v2\/types\/page"}],"author":[{"embeddable":true,"href":"https:\/\/aaros-perle.dk\/de\/wp-json\/wp\/v2\/users\/1"}],"replies":[{"embeddable":true,"href":"https:\/\/aaros-perle.dk\/de\/wp-json\/wp\/v2\/comments?post=5490"}],"version-history":[{"count":2,"href":"https:\/\/aaros-perle.dk\/de\/wp-json\/wp\/v2\/pages\/5490\/revisions"}],"predecessor-version":[{"id":5501,"href":"https:\/\/aaros-perle.dk\/de\/wp-json\/wp\/v2\/pages\/5490\/revisions\/5501"}],"wp:featuredmedia":[{"embeddable":true,"href":"https:\/\/aaros-perle.dk\/de\/wp-json\/wp\/v2\/media\/5362"}],"wp:attachment":[{"href":"https:\/\/aaros-perle.dk\/de\/wp-json\/wp\/v2\/media?parent=5490"}],"wp:term":[{"taxonomy":"category","embeddable":true,"href":"https:\/\/aaros-perle.dk\/de\/wp-json\/wp\/v2\/categories?post=5490"}],"curies":[{"name":"wp","href":"https:\/\/api.w.org\/{rel}","templated":true}]}}