{"id":5509,"date":"2023-03-16T15:45:04","date_gmt":"2023-03-16T14:45:04","guid":{"rendered":"https:\/\/aaros-perle.dk\/informationen\/"},"modified":"2023-06-02T08:52:16","modified_gmt":"2023-06-02T06:52:16","slug":"informationen","status":"publish","type":"page","link":"https:\/\/aaros-perle.dk\/de\/informationen\/","title":{"rendered":"Informationen"},"content":{"rendered":"<div class=\"wpb-content-wrapper\"><p>[vc_row full_width=&#8220;stretch_row&#8220;][vc_column]<div class=\"ult-spacer spacer-69e745b0731a0\" data-id=\"69e745b0731a0\" data-height=\"90\" data-height-mobile=\"60\" data-height-tab=\"90\" data-height-tab-portrait=\"60\" data-height-mobile-landscape=\"60\" style=\"clear:both;display:block;\"><\/div>[vc_column_text]<\/p>\n<h2>Informationen f\u00fcr G\u00e4ste mit \u00dcbernachtung und Fr\u00fchst\u00fcck<\/h2>\n<p>[\/vc_column_text][vc_empty_space height=&#8220;30px&#8220;][vc_separator color=&#8220;custom&#8220; accent_color=&#8220;rgba(0,0,0,0.1)&#8220;]<div class=\"ult-spacer spacer-69e745b0731f3\" data-id=\"69e745b0731f3\" data-height=\"45\" data-height-mobile=\"30\" data-height-tab=\"45\" data-height-tab-portrait=\"30\" data-height-mobile-landscape=\"30\" style=\"clear:both;display:block;\"><\/div>[vc_row_inner][vc_column_inner offset=&#8220;vc_col-lg-8 vc_col-md-8 vc_col-xs-12&#8243;][vc_column_text]<strong>Erkundigen Sie sich bei Olaf S\u00f8gaard unter Tel.: 51 29 30 20 nach \u00dcbernachtungsm\u00f6glichkeiten und freien Zimmern.<\/strong><\/p>\n<p>Bei Ihrer Ankunft holen Sie den Schl\u00fcssel in Aar\u00f8s Perle ab.<\/p>\n<p>Wir weisen Ihnen die Zimmer zu.<\/p>\n<p>Schl\u00fcsselr\u00fcckgabe und Bezahlung k\u00f6nnen auch in Aar\u00f8s Perle erfolgen.[\/vc_column_text]<div class=\"ult-spacer spacer-69e745b073218\" data-id=\"69e745b073218\" data-height=\"0\" data-height-mobile=\"30\" data-height-tab=\"0\" data-height-tab-portrait=\"30\" data-height-mobile-landscape=\"30\" style=\"clear:both;display:block;\"><\/div>[\/vc_column_inner][vc_column_inner offset=&#8220;vc_col-lg-4 vc_col-md-4 vc_col-xs-12&#8243;][\/vc_column_inner][\/vc_row_inner]<div class=\"ult-spacer spacer-69e745b073236\" data-id=\"69e745b073236\" data-height=\"60\" data-height-mobile=\"30\" data-height-tab=\"60\" data-height-tab-portrait=\"30\" data-height-mobile-landscape=\"30\" style=\"clear:both;display:block;\"><\/div>[vc_media_grid element_width=&#8220;3&#8243; gap=&#8220;20&#8243; grid_id=&#8220;vc_gid:1681318112662-d5565fbc-9617-6&#8243; include=&#8220;5128,5126,5125,5124&#8243;]<div class=\"ult-spacer spacer-69e745b073253\" data-id=\"69e745b073253\" data-height=\"90\" data-height-mobile=\"60\" data-height-tab=\"90\" data-height-tab-portrait=\"60\" data-height-mobile-landscape=\"60\" style=\"clear:both;display:block;\"><\/div>[\/vc_column][\/vc_row][vc_row full_width=&#8220;stretch_row&#8220; el_class=&#8220;white parallax overlay&#8220; css=&#8220;.vc_custom_1679040107813{background-image: url(https:\/\/aaros-perle.dk\/wp-content\/uploads\/2023\/03\/69e0fb38-e6e4-4b96-a777-080ef4a7291b.jpeg?id=5116) !important;background-position: center !important;background-repeat: no-repeat !important;background-size: cover !important;}&#8220;][vc_column]<div class=\"ult-spacer spacer-69e745b07326e\" data-id=\"69e745b07326e\" data-height=\"135\" data-height-mobile=\"90\" data-height-tab=\"135\" data-height-tab-portrait=\"90\" data-height-mobile-landscape=\"90\" style=\"clear:both;display:block;\"><\/div>[vc_row_inner][vc_column_inner offset=&#8220;vc_col-lg-2 vc_col-md-2 vc_col-xs-12&#8243;][\/vc_column_inner][vc_column_inner offset=&#8220;vc_col-lg-8 vc_col-md-8 vc_col-xs-12&#8243;][vc_column_text]<\/p>\n<h3 style=\"text-align: center;\">Kontakt<\/h3>\n<p style=\"text-align: center;\">Wir sind bereit, alle Ihre Fragen zu beantworten.<br \/>\nZ\u00f6gern Sie nicht anzurufen:<br \/>\n<strong>51 29 30 20<\/strong><\/p>\n<p style=\"text-align: center;\"><a class=\"custom-link\" href=\"https:\/\/aaros-perle.dk\/de\/?page_id=5430\">Kontaktieren Sie uns heute<\/a><\/p>\n<p>[\/vc_column_text][\/vc_column_inner][vc_column_inner offset=&#8220;vc_col-lg-2 vc_col-md-2 vc_col-xs-12&#8243;][\/vc_column_inner][\/vc_row_inner]<div class=\"ult-spacer spacer-69e745b073288\" data-id=\"69e745b073288\" data-height=\"135\" data-height-mobile=\"90\" data-height-tab=\"135\" data-height-tab-portrait=\"90\" data-height-mobile-landscape=\"90\" style=\"clear:both;display:block;\"><\/div>[\/vc_column][\/vc_row]<\/p>\n<\/div>","protected":false},"excerpt":{"rendered":"<p>[vc_row full_width=&#8220;stretch_row&#8220;][vc_column][vc_column_text] Informationen f\u00fcr G\u00e4ste mit \u00dcbernachtung und Fr\u00fchst\u00fcck [\/vc_column_text][vc_empty_space height=&#8220;30px&#8220;][vc_separator color=&#8220;custom&#8220; accent_color=&#8220;rgba(0,0,0,0.1)&#8220;][vc_row_inner][vc_column_inner offset=&#8220;vc_col-lg-8 vc_col-md-8 vc_col-xs-12&#8243;][vc_column_text]Erkundigen Sie sich bei Olaf S\u00f8gaard unter Tel.: 51 29 30 20 nach \u00dcbernachtungsm\u00f6glichkeiten und freien Zimmern. Bei Ihrer Ankunft holen Sie den Schl\u00fcssel in Aar\u00f8s Perle ab. Wir weisen Ihnen die Zimmer zu. Schl\u00fcsselr\u00fcckgabe und Bezahlung k\u00f6nnen auch in &#8230; <a title=\"Informationen\" class=\"read-more\" href=\"https:\/\/aaros-perle.dk\/de\/informationen\/\" aria-label=\"Mehr zu Informationen\">Weiterlesen &#8230;<\/a><\/p>\n","protected":false},"author":1,"featured_media":5352,"parent":0,"menu_order":8,"comment_status":"closed","ping_status":"closed","template":"","meta":{"footnotes":""},"categories":[],"class_list":["post-5509","page","type-page","status-publish","has-post-thumbnail"],"acf":[],"yoast_head":"<!-- This site is optimized with the Yoast SEO plugin v27.1.1 - https:\/\/yoast.com\/product\/yoast-seo-wordpress\/ -->\n<title>Informationen &#183; Aar\u00f8&#039;s Perle<\/title>\n<meta name=\"robots\" content=\"index, follow, max-snippet:-1, max-image-preview:large, max-video-preview:-1\" \/>\n<link rel=\"canonical\" href=\"https:\/\/aaros-perle.dk\/de\/?page_id=5509\" \/>\n<meta property=\"og:locale\" content=\"de_DE\" \/>\n<meta property=\"og:type\" content=\"article\" \/>\n<meta property=\"og:title\" content=\"Informationen &#183; Aar\u00f8&#039;s Perle\" \/>\n<meta property=\"og:description\" content=\"[vc_row full_width=&#8220;stretch_row&#8220;][vc_column][vc_column_text] Informationen f\u00fcr G\u00e4ste mit \u00dcbernachtung und Fr\u00fchst\u00fcck [\/vc_column_text][vc_empty_space height=&#8220;30px&#8220;][vc_separator color=&#8220;custom&#8220; accent_color=&#8220;rgba(0,0,0,0.1)&#8220;][vc_row_inner][vc_column_inner offset=&#8220;vc_col-lg-8 vc_col-md-8 vc_col-xs-12&#8243;][vc_column_text]Erkundigen Sie sich bei Olaf S\u00f8gaard unter Tel.: 51 29 30 20 nach \u00dcbernachtungsm\u00f6glichkeiten und freien Zimmern. Bei Ihrer Ankunft holen Sie den Schl\u00fcssel in Aar\u00f8s Perle ab. Wir weisen Ihnen die Zimmer zu. Schl\u00fcsselr\u00fcckgabe und Bezahlung k\u00f6nnen auch in ... Weiterlesen ...\" \/>\n<meta property=\"og:url\" content=\"https:\/\/aaros-perle.dk\/de\/?page_id=5509\" \/>\n<meta property=\"og:site_name\" content=\"Aar\u00f8&#039;s Perle\" \/>\n<meta property=\"article:modified_time\" content=\"2023-06-02T06:52:16+00:00\" \/>\n<meta property=\"og:image\" content=\"https:\/\/aaros-perle.dk\/wp-content\/uploads\/2023\/03\/1825fa80-f85a-4d89-b14d-3c45391381c1.jpeg\" \/>\n\t<meta property=\"og:image:width\" content=\"1890\" \/>\n\t<meta property=\"og:image:height\" content=\"1260\" \/>\n\t<meta property=\"og:image:type\" content=\"image\/jpeg\" \/>\n<meta name=\"twitter:card\" content=\"summary_large_image\" \/>\n<meta name=\"twitter:label1\" content=\"Gesch\u00e4tzte Lesezeit\" \/>\n\t<meta name=\"twitter:data1\" content=\"2\u00a0Minuten\" \/>\n<script type=\"application\/ld+json\" class=\"yoast-schema-graph\">{\"@context\":\"https:\/\/schema.org\",\"@graph\":[{\"@type\":\"WebPage\",\"@id\":\"https:\/\/aaros-perle.dk\/de\/?page_id=5509\",\"url\":\"https:\/\/aaros-perle.dk\/de\/?page_id=5509\",\"name\":\"Informationen &#183; Aar\u00f8&#039;s Perle\",\"isPartOf\":{\"@id\":\"https:\/\/aaros-perle.dk\/#website\"},\"primaryImageOfPage\":{\"@id\":\"https:\/\/aaros-perle.dk\/de\/?page_id=5509#primaryimage\"},\"image\":{\"@id\":\"https:\/\/aaros-perle.dk\/de\/?page_id=5509#primaryimage\"},\"thumbnailUrl\":\"https:\/\/aaros-perle.dk\/wp-content\/uploads\/2023\/03\/1825fa80-f85a-4d89-b14d-3c45391381c1.jpeg\",\"datePublished\":\"2023-03-16T14:45:04+00:00\",\"dateModified\":\"2023-06-02T06:52:16+00:00\",\"breadcrumb\":{\"@id\":\"https:\/\/aaros-perle.dk\/de\/?page_id=5509#breadcrumb\"},\"inLanguage\":\"de\",\"potentialAction\":[{\"@type\":\"ReadAction\",\"target\":[\"https:\/\/aaros-perle.dk\/de\/?page_id=5509\"]}]},{\"@type\":\"ImageObject\",\"inLanguage\":\"de\",\"@id\":\"https:\/\/aaros-perle.dk\/de\/?page_id=5509#primaryimage\",\"url\":\"https:\/\/aaros-perle.dk\/wp-content\/uploads\/2023\/03\/1825fa80-f85a-4d89-b14d-3c45391381c1.jpeg\",\"contentUrl\":\"https:\/\/aaros-perle.dk\/wp-content\/uploads\/2023\/03\/1825fa80-f85a-4d89-b14d-3c45391381c1.jpeg\",\"width\":1890,\"height\":1260},{\"@type\":\"BreadcrumbList\",\"@id\":\"https:\/\/aaros-perle.dk\/de\/?page_id=5509#breadcrumb\",\"itemListElement\":[{\"@type\":\"ListItem\",\"position\":1,\"name\":\"Hjem\",\"item\":\"https:\/\/aaros-perle.dk\/de\/hauptseite\/\"},{\"@type\":\"ListItem\",\"position\":2,\"name\":\"Informationen\"}]},{\"@type\":\"WebSite\",\"@id\":\"https:\/\/aaros-perle.dk\/#website\",\"url\":\"https:\/\/aaros-perle.dk\/\",\"name\":\"Aar\u00f8&#039;s Perle\",\"description\":\"Havekiosk, Bed and Breakfast og turistk\u00f8rsel i Haderslev\",\"publisher\":{\"@id\":\"https:\/\/aaros-perle.dk\/#organization\"},\"potentialAction\":[{\"@type\":\"SearchAction\",\"target\":{\"@type\":\"EntryPoint\",\"urlTemplate\":\"https:\/\/aaros-perle.dk\/?s={search_term_string}\"},\"query-input\":{\"@type\":\"PropertyValueSpecification\",\"valueRequired\":true,\"valueName\":\"search_term_string\"}}],\"inLanguage\":\"de\"},{\"@type\":\"Organization\",\"@id\":\"https:\/\/aaros-perle.dk\/#organization\",\"name\":\"Aar\u00f8&#039;s Perle\",\"url\":\"https:\/\/aaros-perle.dk\/\",\"logo\":{\"@type\":\"ImageObject\",\"inLanguage\":\"de\",\"@id\":\"https:\/\/aaros-perle.dk\/#\/schema\/logo\/image\/\",\"url\":\"https:\/\/aaros-perle.dk\/wp-content\/uploads\/2023\/04\/logo-aaroes-perle-logo.png\",\"contentUrl\":\"https:\/\/aaros-perle.dk\/wp-content\/uploads\/2023\/04\/logo-aaroes-perle-logo.png\",\"width\":1020,\"height\":244,\"caption\":\"Aar\u00f8&#039;s Perle\"},\"image\":{\"@id\":\"https:\/\/aaros-perle.dk\/#\/schema\/logo\/image\/\"}}]}<\/script>\n<!-- \/ Yoast SEO plugin. -->","yoast_head_json":{"title":"Informationen &#183; Aar\u00f8&#039;s Perle","robots":{"index":"index","follow":"follow","max-snippet":"max-snippet:-1","max-image-preview":"max-image-preview:large","max-video-preview":"max-video-preview:-1"},"canonical":"https:\/\/aaros-perle.dk\/de\/?page_id=5509","og_locale":"de_DE","og_type":"article","og_title":"Informationen &#183; Aar\u00f8&#039;s Perle","og_description":"[vc_row full_width=&#8220;stretch_row&#8220;][vc_column][vc_column_text] Informationen f\u00fcr G\u00e4ste mit \u00dcbernachtung und Fr\u00fchst\u00fcck [\/vc_column_text][vc_empty_space height=&#8220;30px&#8220;][vc_separator color=&#8220;custom&#8220; accent_color=&#8220;rgba(0,0,0,0.1)&#8220;][vc_row_inner][vc_column_inner offset=&#8220;vc_col-lg-8 vc_col-md-8 vc_col-xs-12&#8243;][vc_column_text]Erkundigen Sie sich bei Olaf S\u00f8gaard unter Tel.: 51 29 30 20 nach \u00dcbernachtungsm\u00f6glichkeiten und freien Zimmern. Bei Ihrer Ankunft holen Sie den Schl\u00fcssel in Aar\u00f8s Perle ab. Wir weisen Ihnen die Zimmer zu. Schl\u00fcsselr\u00fcckgabe und Bezahlung k\u00f6nnen auch in ... Weiterlesen ...","og_url":"https:\/\/aaros-perle.dk\/de\/?page_id=5509","og_site_name":"Aar\u00f8&#039;s Perle","article_modified_time":"2023-06-02T06:52:16+00:00","og_image":[{"width":1890,"height":1260,"url":"https:\/\/aaros-perle.dk\/wp-content\/uploads\/2023\/03\/1825fa80-f85a-4d89-b14d-3c45391381c1.jpeg","type":"image\/jpeg"}],"twitter_card":"summary_large_image","twitter_misc":{"Gesch\u00e4tzte Lesezeit":"2\u00a0Minuten"},"schema":{"@context":"https:\/\/schema.org","@graph":[{"@type":"WebPage","@id":"https:\/\/aaros-perle.dk\/de\/?page_id=5509","url":"https:\/\/aaros-perle.dk\/de\/?page_id=5509","name":"Informationen &#183; Aar\u00f8&#039;s Perle","isPartOf":{"@id":"https:\/\/aaros-perle.dk\/#website"},"primaryImageOfPage":{"@id":"https:\/\/aaros-perle.dk\/de\/?page_id=5509#primaryimage"},"image":{"@id":"https:\/\/aaros-perle.dk\/de\/?page_id=5509#primaryimage"},"thumbnailUrl":"https:\/\/aaros-perle.dk\/wp-content\/uploads\/2023\/03\/1825fa80-f85a-4d89-b14d-3c45391381c1.jpeg","datePublished":"2023-03-16T14:45:04+00:00","dateModified":"2023-06-02T06:52:16+00:00","breadcrumb":{"@id":"https:\/\/aaros-perle.dk\/de\/?page_id=5509#breadcrumb"},"inLanguage":"de","potentialAction":[{"@type":"ReadAction","target":["https:\/\/aaros-perle.dk\/de\/?page_id=5509"]}]},{"@type":"ImageObject","inLanguage":"de","@id":"https:\/\/aaros-perle.dk\/de\/?page_id=5509#primaryimage","url":"https:\/\/aaros-perle.dk\/wp-content\/uploads\/2023\/03\/1825fa80-f85a-4d89-b14d-3c45391381c1.jpeg","contentUrl":"https:\/\/aaros-perle.dk\/wp-content\/uploads\/2023\/03\/1825fa80-f85a-4d89-b14d-3c45391381c1.jpeg","width":1890,"height":1260},{"@type":"BreadcrumbList","@id":"https:\/\/aaros-perle.dk\/de\/?page_id=5509#breadcrumb","itemListElement":[{"@type":"ListItem","position":1,"name":"Hjem","item":"https:\/\/aaros-perle.dk\/de\/hauptseite\/"},{"@type":"ListItem","position":2,"name":"Informationen"}]},{"@type":"WebSite","@id":"https:\/\/aaros-perle.dk\/#website","url":"https:\/\/aaros-perle.dk\/","name":"Aar\u00f8&#039;s Perle","description":"Havekiosk, Bed and Breakfast og turistk\u00f8rsel i Haderslev","publisher":{"@id":"https:\/\/aaros-perle.dk\/#organization"},"potentialAction":[{"@type":"SearchAction","target":{"@type":"EntryPoint","urlTemplate":"https:\/\/aaros-perle.dk\/?s={search_term_string}"},"query-input":{"@type":"PropertyValueSpecification","valueRequired":true,"valueName":"search_term_string"}}],"inLanguage":"de"},{"@type":"Organization","@id":"https:\/\/aaros-perle.dk\/#organization","name":"Aar\u00f8&#039;s Perle","url":"https:\/\/aaros-perle.dk\/","logo":{"@type":"ImageObject","inLanguage":"de","@id":"https:\/\/aaros-perle.dk\/#\/schema\/logo\/image\/","url":"https:\/\/aaros-perle.dk\/wp-content\/uploads\/2023\/04\/logo-aaroes-perle-logo.png","contentUrl":"https:\/\/aaros-perle.dk\/wp-content\/uploads\/2023\/04\/logo-aaroes-perle-logo.png","width":1020,"height":244,"caption":"Aar\u00f8&#039;s Perle"},"image":{"@id":"https:\/\/aaros-perle.dk\/#\/schema\/logo\/image\/"}}]}},"_links":{"self":[{"href":"https:\/\/aaros-perle.dk\/de\/wp-json\/wp\/v2\/pages\/5509","targetHints":{"allow":["GET"]}}],"collection":[{"href":"https:\/\/aaros-perle.dk\/de\/wp-json\/wp\/v2\/pages"}],"about":[{"href":"https:\/\/aaros-perle.dk\/de\/wp-json\/wp\/v2\/types\/page"}],"author":[{"embeddable":true,"href":"https:\/\/aaros-perle.dk\/de\/wp-json\/wp\/v2\/users\/1"}],"replies":[{"embeddable":true,"href":"https:\/\/aaros-perle.dk\/de\/wp-json\/wp\/v2\/comments?post=5509"}],"version-history":[{"count":2,"href":"https:\/\/aaros-perle.dk\/de\/wp-json\/wp\/v2\/pages\/5509\/revisions"}],"predecessor-version":[{"id":5519,"href":"https:\/\/aaros-perle.dk\/de\/wp-json\/wp\/v2\/pages\/5509\/revisions\/5519"}],"wp:featuredmedia":[{"embeddable":true,"href":"https:\/\/aaros-perle.dk\/de\/wp-json\/wp\/v2\/media\/5352"}],"wp:attachment":[{"href":"https:\/\/aaros-perle.dk\/de\/wp-json\/wp\/v2\/media?parent=5509"}],"wp:term":[{"taxonomy":"category","embeddable":true,"href":"https:\/\/aaros-perle.dk\/de\/wp-json\/wp\/v2\/categories?post=5509"}],"curies":[{"name":"wp","href":"https:\/\/api.w.org\/{rel}","templated":true}]}}