{"id":5530,"date":"2023-03-16T15:45:05","date_gmt":"2023-03-16T14:45:05","guid":{"rendered":"https:\/\/aaros-perle.dk\/touristischer-verkehr\/"},"modified":"2025-01-03T15:07:35","modified_gmt":"2025-01-03T14:07:35","slug":"verkehr","status":"publish","type":"page","link":"https:\/\/aaros-perle.dk\/de\/verkehr\/","title":{"rendered":"Verkehr"},"content":{"rendered":"<div class=\"wpb-content-wrapper\"><p>[vc_row full_width=&#8220;stretch_row&#8220;][vc_column]<div class=\"ult-spacer spacer-69e493c5ebb1b\" data-id=\"69e493c5ebb1b\" data-height=\"90\" data-height-mobile=\"60\" data-height-tab=\"90\" data-height-tab-portrait=\"60\" data-height-mobile-landscape=\"60\" style=\"clear:both;display:block;\"><\/div>[vc_column_text]<\/p>\n<h2>Inselrundfahrt<\/h2>\n<p>[\/vc_column_text][vc_empty_space height=&#8220;30px&#8220;][vc_separator color=&#8220;custom&#8220; accent_color=&#8220;rgba(0,0,0,0.1)&#8220;]<div class=\"ult-spacer spacer-69e493c5ebb6b\" data-id=\"69e493c5ebb6b\" data-height=\"45\" data-height-mobile=\"30\" data-height-tab=\"45\" data-height-tab-portrait=\"30\" data-height-mobile-landscape=\"30\" style=\"clear:both;display:block;\"><\/div>[vc_row_inner][vc_column_inner offset=&#8220;vc_col-lg-8 vc_col-md-8 vc_col-xs-12&#8243;][vc_column_text]<\/p>\n<h3>Wir bieten eine spezielle Inseltour mit Traktor und Anh\u00e4nger auf Aar\u00f8s Perle an.<\/h3>\n<p>ENTDECKEN SIE AAR\u00d8 MIT DER PERLE VON AAR\u00d8<br \/>\nMachen Sie einen Rundgang \u00fcber die Insel.<br \/>\nDauer ca. 1\u00bd Stunden.<br \/>\nWir passieren den &#8222;H\u00f8jvandsstenen&#8220;, Bulladen, Brummers<br \/>\nGaard, das Gemeindezentrum &#8222;Aar\u00f8hus&#8220;, die alte Schule Schule,<br \/>\nDas Wasserwerk, die Feuerwache &#8222;\u00c6 spr\u00f8jthus&#8220;, die Weihnachtskirche, das Inselmuseum<br \/>\nh\u00f6chster Punkt, Pumpstation, Vogelturm, Aar\u00f8 Camping,<br \/>\nAar\u00f8 Fischr\u00e4ucherei, S\u00fcdstrand, \u00c5r\u00f8 Weingut, Naturspielplatz,<br \/>\nAar\u00f8 Bryg, Aar\u00f8g\u00e5rd.<br \/>\nEntlang der Strecke gibt es Stopps und Gelegenheiten, um<br \/>\nbesuchen Sie die Hofl\u00e4den.<br \/>\n<strong>Preis DKK 80,- pro Person.<\/strong><br \/>\nMin. Kr. 800,-<br \/>\nErkundigungen bei Aar\u00f8s Perle, Hafen Aar\u00f8 oder Tel:<br \/>\n(+45)<strong> 51 29 30 20<\/strong>[\/vc_column_text][vc_empty_space height=&#8220;30px&#8220;][vc_btn title=&#8220;Inselrundfahrt&#8220; style=&#8220;custom&#8220; custom_background=&#8220;#931d23&#8243; custom_text=&#8220;#ffffff&#8220; shape=&#8220;square&#8220; link=&#8220;url:%2Fwp-content%2Fuploads%2F2023%2F03%2Ffuehrung-1-mal.pdf|target:_blank|&#8220;][vc_btn title=&#8220;F\u00e4hre Aar\u00f8&#8220; style=&#8220;custom&#8220; custom_background=&#8220;#931d23&#8243; custom_text=&#8220;#ffffff&#8220; shape=&#8220;square&#8220; link=&#8220;url:https%3A%2F%2Fwww.haderslev.dk%2Fservice%2Ftrafik-og-veje%2Ftrafik%2Foffentlig-transport%2Faaroefaergen%2F|target:_blank|&#8220;]<div class=\"ult-spacer spacer-69e493c5ebb97\" data-id=\"69e493c5ebb97\" data-height=\"0\" data-height-mobile=\"30\" data-height-tab=\"0\" data-height-tab-portrait=\"30\" data-height-mobile-landscape=\"30\" style=\"clear:both;display:block;\"><\/div>[\/vc_column_inner][vc_column_inner offset=&#8220;vc_col-lg-4 vc_col-md-4 vc_col-xs-12&#8243;][\/vc_column_inner][\/vc_row_inner]<div class=\"ult-spacer spacer-69e493c5ebbbb\" data-id=\"69e493c5ebbbb\" data-height=\"60\" data-height-mobile=\"30\" data-height-tab=\"60\" data-height-tab-portrait=\"30\" data-height-mobile-landscape=\"30\" style=\"clear:both;display:block;\"><\/div>[vc_media_grid element_width=&#8220;3&#8243; gap=&#8220;20&#8243; grid_id=&#8220;vc_gid:1681320455406-3b173de6-0274-4&#8243; include=&#8220;5129,5134,5122,5136&#8243;]<div class=\"ult-spacer spacer-69e493c5ebbe0\" data-id=\"69e493c5ebbe0\" data-height=\"90\" data-height-mobile=\"60\" data-height-tab=\"90\" data-height-tab-portrait=\"60\" data-height-mobile-landscape=\"60\" style=\"clear:both;display:block;\"><\/div>[\/vc_column][\/vc_row][vc_row full_width=&#8220;stretch_row&#8220; el_class=&#8220;white parallax overlay&#8220; css=&#8220;.vc_custom_1679040107813{background-image: url(https:\/\/aaros-perle.dk\/wp-content\/uploads\/2023\/03\/69e0fb38-e6e4-4b96-a777-080ef4a7291b.jpeg?id=5116) !important;background-position: center !important;background-repeat: no-repeat !important;background-size: cover !important;}&#8220;][vc_column]<div class=\"ult-spacer spacer-69e493c5ebbfc\" data-id=\"69e493c5ebbfc\" data-height=\"135\" data-height-mobile=\"90\" data-height-tab=\"135\" data-height-tab-portrait=\"90\" data-height-mobile-landscape=\"90\" style=\"clear:both;display:block;\"><\/div>[vc_row_inner][vc_column_inner offset=&#8220;vc_col-lg-2 vc_col-md-2 vc_col-xs-12&#8243;][\/vc_column_inner][vc_column_inner offset=&#8220;vc_col-lg-8 vc_col-md-8 vc_col-xs-12&#8243;][vc_column_text]<\/p>\n<h3 style=\"text-align: center;\">Kontakt<\/h3>\n<p style=\"text-align: center;\">Wir sind bereit, alle Ihre Fragen zu beantworten.<br \/>\nZ\u00f6gern Sie nicht anzurufen:<br \/>\n<strong>51 29 30 20<\/strong><\/p>\n<p style=\"text-align: center;\"><a class=\"custom-link\" href=\"https:\/\/aaros-perle.dk\/de\/?page_id=5430\">Kontaktieren Sie uns heute<\/a><\/p>\n<p>[\/vc_column_text][\/vc_column_inner][vc_column_inner offset=&#8220;vc_col-lg-2 vc_col-md-2 vc_col-xs-12&#8243;][\/vc_column_inner][\/vc_row_inner]<div class=\"ult-spacer spacer-69e493c5ebc16\" data-id=\"69e493c5ebc16\" data-height=\"135\" data-height-mobile=\"90\" data-height-tab=\"135\" data-height-tab-portrait=\"90\" data-height-mobile-landscape=\"90\" style=\"clear:both;display:block;\"><\/div>[\/vc_column][\/vc_row]<\/p>\n<\/div>","protected":false},"excerpt":{"rendered":"<p>[vc_row full_width=&#8220;stretch_row&#8220;][vc_column][vc_column_text] Inselrundfahrt [\/vc_column_text][vc_empty_space height=&#8220;30px&#8220;][vc_separator color=&#8220;custom&#8220; accent_color=&#8220;rgba(0,0,0,0.1)&#8220;][vc_row_inner][vc_column_inner offset=&#8220;vc_col-lg-8 vc_col-md-8 vc_col-xs-12&#8243;][vc_column_text] Wir bieten eine spezielle Inseltour mit Traktor und Anh\u00e4nger auf Aar\u00f8s Perle an. ENTDECKEN SIE AAR\u00d8 MIT DER PERLE VON AAR\u00d8 Machen Sie einen Rundgang \u00fcber die Insel. Dauer ca. 1\u00bd Stunden. Wir passieren den &#8222;H\u00f8jvandsstenen&#8220;, Bulladen, Brummers Gaard, das Gemeindezentrum &#8222;Aar\u00f8hus&#8220;, die alte Schule &#8230; <a title=\"Verkehr\" class=\"read-more\" href=\"https:\/\/aaros-perle.dk\/de\/verkehr\/\" aria-label=\"Mehr zu Verkehr\">Weiterlesen &#8230;<\/a><\/p>\n","protected":false},"author":1,"featured_media":5374,"parent":0,"menu_order":10,"comment_status":"closed","ping_status":"closed","template":"","meta":{"footnotes":""},"categories":[29],"class_list":{"0":"post-5530","1":"page","2":"type-page","3":"status-publish","4":"has-post-thumbnail","6":"category-schwerpunkt"},"acf":[],"yoast_head":"<!-- This site is optimized with the Yoast SEO plugin v27.1.1 - https:\/\/yoast.com\/product\/yoast-seo-wordpress\/ -->\n<title>Verkehr &#183; Aar\u00f8&#039;s Perle<\/title>\n<meta name=\"robots\" content=\"index, follow, max-snippet:-1, max-image-preview:large, max-video-preview:-1\" \/>\n<link rel=\"canonical\" href=\"https:\/\/aaros-perle.dk\/de\/verkehr\/\" \/>\n<meta property=\"og:locale\" content=\"de_DE\" \/>\n<meta property=\"og:type\" content=\"article\" \/>\n<meta property=\"og:title\" content=\"Verkehr &#183; Aar\u00f8&#039;s Perle\" \/>\n<meta property=\"og:description\" content=\"[vc_row full_width=&#8220;stretch_row&#8220;][vc_column][vc_column_text] Inselrundfahrt [\/vc_column_text][vc_empty_space height=&#8220;30px&#8220;][vc_separator color=&#8220;custom&#8220; accent_color=&#8220;rgba(0,0,0,0.1)&#8220;][vc_row_inner][vc_column_inner offset=&#8220;vc_col-lg-8 vc_col-md-8 vc_col-xs-12&#8243;][vc_column_text] Wir bieten eine spezielle Inseltour mit Traktor und Anh\u00e4nger auf Aar\u00f8s Perle an. ENTDECKEN SIE AAR\u00d8 MIT DER PERLE VON AAR\u00d8 Machen Sie einen Rundgang \u00fcber die Insel. Dauer ca. 1\u00bd Stunden. Wir passieren den &#8222;H\u00f8jvandsstenen&#8220;, Bulladen, Brummers Gaard, das Gemeindezentrum &#8222;Aar\u00f8hus&#8220;, die alte Schule ... Weiterlesen ...\" \/>\n<meta property=\"og:url\" content=\"https:\/\/aaros-perle.dk\/de\/verkehr\/\" \/>\n<meta property=\"og:site_name\" content=\"Aar\u00f8&#039;s Perle\" \/>\n<meta property=\"article:modified_time\" content=\"2025-01-03T14:07:35+00:00\" \/>\n<meta property=\"og:image\" content=\"https:\/\/aaros-perle.dk\/wp-content\/uploads\/2023\/03\/20220527-124848-scaled.jpg\" \/>\n\t<meta property=\"og:image:width\" content=\"2048\" \/>\n\t<meta property=\"og:image:height\" content=\"1152\" \/>\n\t<meta property=\"og:image:type\" content=\"image\/jpeg\" \/>\n<meta name=\"twitter:card\" content=\"summary_large_image\" \/>\n<meta name=\"twitter:label1\" content=\"Gesch\u00e4tzte Lesezeit\" \/>\n\t<meta name=\"twitter:data1\" content=\"2\u00a0Minuten\" \/>\n<script type=\"application\/ld+json\" class=\"yoast-schema-graph\">{\"@context\":\"https:\/\/schema.org\",\"@graph\":[{\"@type\":\"WebPage\",\"@id\":\"https:\/\/aaros-perle.dk\/de\/verkehr\/\",\"url\":\"https:\/\/aaros-perle.dk\/de\/verkehr\/\",\"name\":\"Verkehr &#183; Aar\u00f8&#039;s Perle\",\"isPartOf\":{\"@id\":\"https:\/\/aaros-perle.dk\/#website\"},\"primaryImageOfPage\":{\"@id\":\"https:\/\/aaros-perle.dk\/de\/verkehr\/#primaryimage\"},\"image\":{\"@id\":\"https:\/\/aaros-perle.dk\/de\/verkehr\/#primaryimage\"},\"thumbnailUrl\":\"https:\/\/aaros-perle.dk\/wp-content\/uploads\/2023\/03\/20220527-124848-scaled.jpg\",\"datePublished\":\"2023-03-16T14:45:05+00:00\",\"dateModified\":\"2025-01-03T14:07:35+00:00\",\"breadcrumb\":{\"@id\":\"https:\/\/aaros-perle.dk\/de\/verkehr\/#breadcrumb\"},\"inLanguage\":\"de\",\"potentialAction\":[{\"@type\":\"ReadAction\",\"target\":[\"https:\/\/aaros-perle.dk\/de\/verkehr\/\"]}]},{\"@type\":\"ImageObject\",\"inLanguage\":\"de\",\"@id\":\"https:\/\/aaros-perle.dk\/de\/verkehr\/#primaryimage\",\"url\":\"https:\/\/aaros-perle.dk\/wp-content\/uploads\/2023\/03\/20220527-124848-scaled.jpg\",\"contentUrl\":\"https:\/\/aaros-perle.dk\/wp-content\/uploads\/2023\/03\/20220527-124848-scaled.jpg\",\"width\":2048,\"height\":1152},{\"@type\":\"BreadcrumbList\",\"@id\":\"https:\/\/aaros-perle.dk\/de\/verkehr\/#breadcrumb\",\"itemListElement\":[{\"@type\":\"ListItem\",\"position\":1,\"name\":\"Hjem\",\"item\":\"https:\/\/aaros-perle.dk\/de\/hauptseite\/\"},{\"@type\":\"ListItem\",\"position\":2,\"name\":\"Verkehr\"}]},{\"@type\":\"WebSite\",\"@id\":\"https:\/\/aaros-perle.dk\/#website\",\"url\":\"https:\/\/aaros-perle.dk\/\",\"name\":\"Aar\u00f8&#039;s Perle\",\"description\":\"Havekiosk, Bed and Breakfast og turistk\u00f8rsel i Haderslev\",\"publisher\":{\"@id\":\"https:\/\/aaros-perle.dk\/#organization\"},\"potentialAction\":[{\"@type\":\"SearchAction\",\"target\":{\"@type\":\"EntryPoint\",\"urlTemplate\":\"https:\/\/aaros-perle.dk\/?s={search_term_string}\"},\"query-input\":{\"@type\":\"PropertyValueSpecification\",\"valueRequired\":true,\"valueName\":\"search_term_string\"}}],\"inLanguage\":\"de\"},{\"@type\":\"Organization\",\"@id\":\"https:\/\/aaros-perle.dk\/#organization\",\"name\":\"Aar\u00f8&#039;s Perle\",\"url\":\"https:\/\/aaros-perle.dk\/\",\"logo\":{\"@type\":\"ImageObject\",\"inLanguage\":\"de\",\"@id\":\"https:\/\/aaros-perle.dk\/#\/schema\/logo\/image\/\",\"url\":\"https:\/\/aaros-perle.dk\/wp-content\/uploads\/2023\/04\/logo-aaroes-perle-logo.png\",\"contentUrl\":\"https:\/\/aaros-perle.dk\/wp-content\/uploads\/2023\/04\/logo-aaroes-perle-logo.png\",\"width\":1020,\"height\":244,\"caption\":\"Aar\u00f8&#039;s Perle\"},\"image\":{\"@id\":\"https:\/\/aaros-perle.dk\/#\/schema\/logo\/image\/\"}}]}<\/script>\n<!-- \/ Yoast SEO plugin. -->","yoast_head_json":{"title":"Verkehr &#183; Aar\u00f8&#039;s Perle","robots":{"index":"index","follow":"follow","max-snippet":"max-snippet:-1","max-image-preview":"max-image-preview:large","max-video-preview":"max-video-preview:-1"},"canonical":"https:\/\/aaros-perle.dk\/de\/verkehr\/","og_locale":"de_DE","og_type":"article","og_title":"Verkehr &#183; Aar\u00f8&#039;s Perle","og_description":"[vc_row full_width=&#8220;stretch_row&#8220;][vc_column][vc_column_text] Inselrundfahrt [\/vc_column_text][vc_empty_space height=&#8220;30px&#8220;][vc_separator color=&#8220;custom&#8220; accent_color=&#8220;rgba(0,0,0,0.1)&#8220;][vc_row_inner][vc_column_inner offset=&#8220;vc_col-lg-8 vc_col-md-8 vc_col-xs-12&#8243;][vc_column_text] Wir bieten eine spezielle Inseltour mit Traktor und Anh\u00e4nger auf Aar\u00f8s Perle an. ENTDECKEN SIE AAR\u00d8 MIT DER PERLE VON AAR\u00d8 Machen Sie einen Rundgang \u00fcber die Insel. Dauer ca. 1\u00bd Stunden. Wir passieren den &#8222;H\u00f8jvandsstenen&#8220;, Bulladen, Brummers Gaard, das Gemeindezentrum &#8222;Aar\u00f8hus&#8220;, die alte Schule ... Weiterlesen ...","og_url":"https:\/\/aaros-perle.dk\/de\/verkehr\/","og_site_name":"Aar\u00f8&#039;s Perle","article_modified_time":"2025-01-03T14:07:35+00:00","og_image":[{"width":2048,"height":1152,"url":"https:\/\/aaros-perle.dk\/wp-content\/uploads\/2023\/03\/20220527-124848-scaled.jpg","type":"image\/jpeg"}],"twitter_card":"summary_large_image","twitter_misc":{"Gesch\u00e4tzte Lesezeit":"2\u00a0Minuten"},"schema":{"@context":"https:\/\/schema.org","@graph":[{"@type":"WebPage","@id":"https:\/\/aaros-perle.dk\/de\/verkehr\/","url":"https:\/\/aaros-perle.dk\/de\/verkehr\/","name":"Verkehr &#183; Aar\u00f8&#039;s Perle","isPartOf":{"@id":"https:\/\/aaros-perle.dk\/#website"},"primaryImageOfPage":{"@id":"https:\/\/aaros-perle.dk\/de\/verkehr\/#primaryimage"},"image":{"@id":"https:\/\/aaros-perle.dk\/de\/verkehr\/#primaryimage"},"thumbnailUrl":"https:\/\/aaros-perle.dk\/wp-content\/uploads\/2023\/03\/20220527-124848-scaled.jpg","datePublished":"2023-03-16T14:45:05+00:00","dateModified":"2025-01-03T14:07:35+00:00","breadcrumb":{"@id":"https:\/\/aaros-perle.dk\/de\/verkehr\/#breadcrumb"},"inLanguage":"de","potentialAction":[{"@type":"ReadAction","target":["https:\/\/aaros-perle.dk\/de\/verkehr\/"]}]},{"@type":"ImageObject","inLanguage":"de","@id":"https:\/\/aaros-perle.dk\/de\/verkehr\/#primaryimage","url":"https:\/\/aaros-perle.dk\/wp-content\/uploads\/2023\/03\/20220527-124848-scaled.jpg","contentUrl":"https:\/\/aaros-perle.dk\/wp-content\/uploads\/2023\/03\/20220527-124848-scaled.jpg","width":2048,"height":1152},{"@type":"BreadcrumbList","@id":"https:\/\/aaros-perle.dk\/de\/verkehr\/#breadcrumb","itemListElement":[{"@type":"ListItem","position":1,"name":"Hjem","item":"https:\/\/aaros-perle.dk\/de\/hauptseite\/"},{"@type":"ListItem","position":2,"name":"Verkehr"}]},{"@type":"WebSite","@id":"https:\/\/aaros-perle.dk\/#website","url":"https:\/\/aaros-perle.dk\/","name":"Aar\u00f8&#039;s Perle","description":"Havekiosk, Bed and Breakfast og turistk\u00f8rsel i Haderslev","publisher":{"@id":"https:\/\/aaros-perle.dk\/#organization"},"potentialAction":[{"@type":"SearchAction","target":{"@type":"EntryPoint","urlTemplate":"https:\/\/aaros-perle.dk\/?s={search_term_string}"},"query-input":{"@type":"PropertyValueSpecification","valueRequired":true,"valueName":"search_term_string"}}],"inLanguage":"de"},{"@type":"Organization","@id":"https:\/\/aaros-perle.dk\/#organization","name":"Aar\u00f8&#039;s Perle","url":"https:\/\/aaros-perle.dk\/","logo":{"@type":"ImageObject","inLanguage":"de","@id":"https:\/\/aaros-perle.dk\/#\/schema\/logo\/image\/","url":"https:\/\/aaros-perle.dk\/wp-content\/uploads\/2023\/04\/logo-aaroes-perle-logo.png","contentUrl":"https:\/\/aaros-perle.dk\/wp-content\/uploads\/2023\/04\/logo-aaroes-perle-logo.png","width":1020,"height":244,"caption":"Aar\u00f8&#039;s Perle"},"image":{"@id":"https:\/\/aaros-perle.dk\/#\/schema\/logo\/image\/"}}]}},"_links":{"self":[{"href":"https:\/\/aaros-perle.dk\/de\/wp-json\/wp\/v2\/pages\/5530","targetHints":{"allow":["GET"]}}],"collection":[{"href":"https:\/\/aaros-perle.dk\/de\/wp-json\/wp\/v2\/pages"}],"about":[{"href":"https:\/\/aaros-perle.dk\/de\/wp-json\/wp\/v2\/types\/page"}],"author":[{"embeddable":true,"href":"https:\/\/aaros-perle.dk\/de\/wp-json\/wp\/v2\/users\/1"}],"replies":[{"embeddable":true,"href":"https:\/\/aaros-perle.dk\/de\/wp-json\/wp\/v2\/comments?post=5530"}],"version-history":[{"count":5,"href":"https:\/\/aaros-perle.dk\/de\/wp-json\/wp\/v2\/pages\/5530\/revisions"}],"predecessor-version":[{"id":5679,"href":"https:\/\/aaros-perle.dk\/de\/wp-json\/wp\/v2\/pages\/5530\/revisions\/5679"}],"wp:featuredmedia":[{"embeddable":true,"href":"https:\/\/aaros-perle.dk\/de\/wp-json\/wp\/v2\/media\/5374"}],"wp:attachment":[{"href":"https:\/\/aaros-perle.dk\/de\/wp-json\/wp\/v2\/media?parent=5530"}],"wp:term":[{"taxonomy":"category","embeddable":true,"href":"https:\/\/aaros-perle.dk\/de\/wp-json\/wp\/v2\/categories?post=5530"}],"curies":[{"name":"wp","href":"https:\/\/api.w.org\/{rel}","templated":true}]}}