{"id":5532,"date":"2020-02-12T08:51:30","date_gmt":"2020-02-12T07:51:30","guid":{"rendered":"https:\/\/aaros-perle.dk\/hauptseite\/"},"modified":"2023-06-02T08:52:16","modified_gmt":"2023-06-02T06:52:16","slug":"hauptseite","status":"publish","type":"page","link":"https:\/\/aaros-perle.dk\/de\/","title":{"rendered":"Hauptseite"},"content":{"rendered":"<div class=\"wpb-content-wrapper\"><p>[vc_row full_width=&#8220;stretch_row&#8220; css=&#8220;.vc_custom_1679040955947{background-image: url(https:\/\/aaros-perle.dk\/wp-content\/uploads\/2023\/03\/69e0fb38-e6e4-4b96-a777-080ef4a7291b.jpeg?id=5116) !important;background-position: center !important;background-repeat: no-repeat !important;background-size: cover !important;}&#8220; el_class=&#8220;overlay mobile-hero&#8220;][vc_column offset=&#8220;vc_hidden-lg vc_hidden-md vc_hidden-sm&#8220;]<div class=\"ult-spacer spacer-69e89e6862e26\" data-id=\"69e89e6862e26\" data-height=\"0\" data-height-mobile=\"190\" data-height-tab=\"0\" data-height-tab-portrait=\"0\" data-height-mobile-landscape=\"190\" style=\"clear:both;display:block;\"><\/div>[vc_column_text]<\/p>\n<h6 style=\"text-align: center;\">Die Perle von Aar\u00f8<\/h6>\n<p style=\"text-align: center;\">Am Hafen finden Sie die Perle von Aar\u00f8<\/p>\n<p>[\/vc_column_text][vc_empty_space height=&#8220;30px&#8220;][vc_btn title=&#8220;Kontakt&#8220; style=&#8220;custom&#8220; custom_background=&#8220;#931d23&#8243; custom_text=&#8220;#ffffff&#8220; shape=&#8220;square&#8220; size=&#8220;sm&#8220; align=&#8220;center&#8220; link=&#8220;url:https%3A%2F%2Faaros-perle.dk%2Fde%2F%3Fpage_id%3D5430|title:Behandlung%20buchen|&#8220;]<div class=\"ult-spacer spacer-69e89e6862e71\" data-id=\"69e89e6862e71\" data-height=\"0\" data-height-mobile=\"120\" data-height-tab=\"0\" data-height-tab-portrait=\"0\" data-height-mobile-landscape=\"120\" style=\"clear:both;display:block;\"><\/div>[\/vc_column][\/vc_row][vc_row full_width=&#8220;stretch_row&#8220;][vc_column]<div class=\"ult-spacer spacer-69e89e6862e9a\" data-id=\"69e89e6862e9a\" data-height=\"90\" data-height-mobile=\"60\" data-height-tab=\"90\" data-height-tab-portrait=\"60\" data-height-mobile-landscape=\"60\" style=\"clear:both;display:block;\"><\/div>[vc_row_inner][vc_column_inner offset=&#8220;vc_col-lg-2 vc_col-md-2 vc_col-xs-12&#8243;][\/vc_column_inner][vc_column_inner offset=&#8220;vc_col-lg-8 vc_col-md-8 vc_col-xs-12&#8243;][vc_column_text]<\/p>\n<h6 style=\"text-align: center;\">Die Perle von Aar\u00f8<\/h6>\n<h1 style=\"text-align: center;\">Restaurant, \u00dcbernachtung und Fr\u00fchst\u00fcck &amp; touristischer Transport auf Aar\u00f8<\/h1>\n<p style=\"text-align: center;\">Auf dieser Seite k\u00f6nnen Sie mehr \u00fcber unser Angebot lesen. Wenn Sie nicht genau das finden, was Sie suchen, kontaktieren Sie uns bitte.<br \/>\nEs ist uns wichtig, dass jeder, der uns besucht, gl\u00fccklich und zufrieden nach Hause geht.<\/p>\n<p>[\/vc_column_text][vc_empty_space height=&#8220;30px&#8220;][\/vc_column_inner][vc_column_inner offset=&#8220;vc_col-lg-2 vc_col-md-2 vc_col-xs-12&#8243;][\/vc_column_inner][\/vc_row_inner][vc_btn title=&#8220;Kontakt&#8220; style=&#8220;custom&#8220; custom_background=&#8220;#931d23&#8243; custom_text=&#8220;#ffffff&#8220; shape=&#8220;square&#8220; size=&#8220;sm&#8220; align=&#8220;center&#8220; link=&#8220;url:https%3A%2F%2Faaros-perle.dk%2Fde%2F%3Fpage_id%3D5430|title:Behandlung%20buchen|&#8220;]<div class=\"ult-spacer spacer-69e89e6862ebe\" data-id=\"69e89e6862ebe\" data-height=\"90\" data-height-mobile=\"60\" data-height-tab=\"90\" data-height-tab-portrait=\"60\" data-height-mobile-landscape=\"60\" style=\"clear:both;display:block;\"><\/div>[\/vc_column][\/vc_row][vc_row full_width=&#8220;stretch_row_content&#8220; el_class=&#8220;light-bg&#8220;][vc_column][vc_empty_space height=&#8220;30px&#8220;][vc_basic_grid post_type=&#8220;page&#8220; max_items=&#8220;8&#8243; element_width=&#8220;3&#8243; gap=&#8220;15&#8243; orderby=&#8220;menu_order&#8220; order=&#8220;ASC&#8220; item=&#8220;4197&#8243; grid_id=&#8220;vc_gid:1685597071495-a572a9e4-90b8-2&#8243; taxonomies=&#8220;17&#8243; el_class=&#8220;custom-cta-grid&#8220;][vc_empty_space height=&#8220;30px&#8220;][\/vc_column][\/vc_row][vc_row full_width=&#8220;stretch_row&#8220; equal_height=&#8220;yes&#8220;][vc_column offset=&#8220;vc_col-lg-6 vc_col-md-6 vc_col-xs-12&#8243;]<div class=\"ult-spacer spacer-69e89e6862edf\" data-id=\"69e89e6862edf\" data-height=\"90\" data-height-mobile=\"60\" data-height-tab=\"90\" data-height-tab-portrait=\"60\" data-height-mobile-landscape=\"60\" style=\"clear:both;display:block;\"><\/div>[vc_column_text el_class=&#8220;margin-right&#8220;]<\/p>\n<h2>Tolles d\u00e4nisches Essen.<\/h2>\n<p>Sie servieren k\u00f6stliche und schmackhafte d\u00e4nische Gerichte wie fangfrische, in der Pfanne gebratene Plattfische von lokalen Fischern, gebratenes Schweinefleisch mit Petersiliensauce, d\u00e4nisches Steak mit weichen Zwiebeln, Herrensteak mit Pommes frites, Schinkenschnitzel mit Pommes frites.<\/p>\n<p>[\/vc_column_text]<div class=\"ult-spacer spacer-69e89e6862efe\" data-id=\"69e89e6862efe\" data-height=\"90\" data-height-mobile=\"60\" data-height-tab=\"90\" data-height-tab-portrait=\"60\" data-height-mobile-landscape=\"60\" style=\"clear:both;display:block;\"><\/div>[\/vc_column][vc_column css=&#8220;.vc_custom_1679036672734{background-image: url(https:\/\/aaros-perle.dk\/wp-content\/uploads\/2023\/03\/dbb4a31a-3d56-42fa-92ae-a5efcb7e8ff2.jpeg?id=5123) !important;background-position: center !important;background-repeat: no-repeat !important;background-size: cover !important;}&#8220; offset=&#8220;vc_col-lg-6 vc_col-md-6 vc_col-xs-12&#8243; el_class=&#8220;position-absolute-right&#8220;]<div class=\"ult-spacer spacer-69e89e6862f25\" data-id=\"69e89e6862f25\" data-height=\"0\" data-height-mobile=\"300\" data-height-tab=\"0\" data-height-tab-portrait=\"400\" data-height-mobile-landscape=\"300\" style=\"clear:both;display:block;\"><\/div>[\/vc_column][\/vc_row][vc_row full_width=&#8220;stretch_row&#8220; el_class=&#8220;light-bg&#8220;][vc_column]<div class=\"ult-spacer spacer-69e89e6862f43\" data-id=\"69e89e6862f43\" data-height=\"90\" data-height-mobile=\"60\" data-height-tab=\"90\" data-height-tab-portrait=\"60\" data-height-mobile-landscape=\"60\" style=\"clear:both;display:block;\"><\/div>[vc_text_separator title=&#8220;&#8220; i_icon_fontawesome=&#8220;fas fa-quote-right&#8220; i_color=&#8220;custom&#8220; color=&#8220;custom&#8220; add_icon=&#8220;true&#8220; i_custom_color=&#8220;#931d23&#8243; accent_color=&#8220;rgba(255,255,255,0.1)&#8220;]<div class=\"ult-spacer spacer-69e89e6862f61\" data-id=\"69e89e6862f61\" data-height=\"60\" data-height-mobile=\"30\" data-height-tab=\"60\" data-height-tab-portrait=\"30\" data-height-mobile-landscape=\"30\" style=\"clear:both;display:block;\"><\/div><div id=\"ult-carousel-379868784569e89e686308f\" class=\"ult-carousel-wrapper   ult_horizontal\" data-gutter=\"30\" data-rtl=\"false\" ><div class=\"ult-carousel-280504765469e89e6862fc8 \" >[vc_column_text]<\/p>\n<h4 style=\"text-align: center;\"><span class=\"noQuotes\">Frischer Fisch aus dem Sund<\/span><\/h4>\n<p style=\"text-align: center;\">&#8222;Fantastischer frischer Fisch direkt vom Fischerboot in Butter gebraten ist ein gro\u00dfartiges Essen, zu dem wir immer wieder zur\u00fcckkehren.&#8220;<\/p>\n<p>[\/vc_column_text][vc_column_text]<\/p>\n<h4 style=\"text-align: center;\"><span class=\"noQuotes\">Bootstour<\/span><\/h4>\n<p style=\"text-align: center;\">&#8222;Aar\u00f8s Perle Hafenkiosk mit Leben und gutem Essen. Ein Ort f\u00fcr hungrige Seeleute. Wir waren mehrmals dort zum Essen. Das Essen ist gut, d\u00e4nische Gerichte, die satt machen. Es ist auch ein Treffpunkt f\u00fcr die Einheimischen und es herrscht eine gute Atmosph\u00e4re. Ein Ort, den wir wieder besuchen werden und weiter empfehlen k\u00f6nnen.&#8220;<\/p>\n<p>[\/vc_column_text][vc_column_text]<\/p>\n<h4 style=\"text-align: center;\"><span class=\"noQuotes\">Gem\u00fctlich mit Blick auf die F\u00e4hre und Yachten<\/span><\/h4>\n<p style=\"text-align: center;\">&#8222;Sehr nette Bedienung, sehr nett und freundlich ? Das Essen war wirklich gut. Ein kinderfreundlicher Ort &#8211; werde gerne wiederkommen.&#8220;<\/p>\n<p>[\/vc_column_text][vc_column_text]<\/p>\n<h4 style=\"text-align: center;\"><span class=\"noQuotes\">Festlich und beliebt<\/span><\/h4>\n<p style=\"text-align: center;\">&#8222;Wir waren \u00fcber Pfingsten hier, haben Jazzmusik geh\u00f6rt und kaltes Bier getrunken. Das Pearl liegt direkt am F\u00e4hrhafen und hat eine tolle Aussicht. Wir mieteten einen elektrischen Golfwagen und fuhren um die sch\u00f6ne kleine Insel. Wir hatten das Wetter mit uns. Ein toller Ausflug.&#8220;<\/p>\n<p>[\/vc_column_text]<\/div><\/div>\t\t\t<script type=\"text\/javascript\">\n\t\t\t\tjQuery(document).ready(function ($) {\n\t\t\t\t\tif( typeof jQuery('.ult-carousel-280504765469e89e6862fc8').slick == \"function\"){\n\t\t\t\t\t\t$('.ult-carousel-280504765469e89e6862fc8').slick({dots: false,autoplay: true,autoplaySpeed: \"10000\",speed: \"500\",infinite: true,arrows: true,nextArrow: '<button type=\"button\" role=\"button\" aria-label=\"Next\" style=\"color:#222222; font-size:20px;\" class=\"slick-next default\"><i class=\"ultsl-arrow-right6\"><\/i><\/button>',prevArrow: '<button type=\"button\" role=\"button\" aria-label=\"Previous\" style=\"color:#222222; font-size:20px;\" class=\"slick-prev default\"><i class=\"ultsl-arrow-left6\"><\/i><\/button>',slidesToScroll:1,slidesToShow:2,swipe: true,draggable: true,touchMove: true,pauseOnHover: false,pauseOnFocus: false,adaptiveHeight: true,responsive: [\n\t\t\t\t\t\t\t{\n\t\t\t\t\t\t\t  breakpoint: 1026,\n\t\t\t\t\t\t\t  settings: {\n\t\t\t\t\t\t\t\tslidesToShow: 2,\n\t\t\t\t\t\t\t\tslidesToScroll: 1,  \n\t\t\t\t\t\t\t  }\n\t\t\t\t\t\t\t},\n\t\t\t\t\t\t\t{\n\t\t\t\t\t\t\t  breakpoint: 1025,\n\t\t\t\t\t\t\t  settings: {\n\t\t\t\t\t\t\t\tslidesToShow: 1,\n\t\t\t\t\t\t\t\tslidesToScroll: 1\n\t\t\t\t\t\t\t  }\n\t\t\t\t\t\t\t},\n\t\t\t\t\t\t\t{\n\t\t\t\t\t\t\t  breakpoint: 760,\n\t\t\t\t\t\t\t  settings: {\n\t\t\t\t\t\t\t\tslidesToShow: 1,\n\t\t\t\t\t\t\t\tslidesToScroll: 1\n\t\t\t\t\t\t\t  }\n\t\t\t\t\t\t\t}\n\t\t\t\t\t\t],pauseOnDotsHover: true,customPaging: function(slider, i) {\n                   return '<i type=\"button\" style= \"color:#333333;\" class=\"ultsl-record\" data-role=\"none\"><\/i>';\n                },});\n\t\t\t\t\t}\n\t\t\t\t});\n\t\t\t<\/script>\n\t\t\t<div class=\"ult-spacer spacer-69e89e68630f6\" data-id=\"69e89e68630f6\" data-height=\"90\" data-height-mobile=\"60\" data-height-tab=\"90\" data-height-tab-portrait=\"60\" data-height-mobile-landscape=\"60\" style=\"clear:both;display:block;\"><\/div>[\/vc_column][\/vc_row][vc_row full_width=&#8220;stretch_row&#8220; el_class=&#8220;overlay parallax&#8220; css=&#8220;.vc_custom_1679036901491{background-image: url(https:\/\/aaros-perle.dk\/wp-content\/uploads\/2023\/03\/69e0fb38-e6e4-4b96-a777-080ef4a7291b.jpeg?id=5116) !important;background-position: center !important;background-repeat: no-repeat !important;background-size: cover !important;}&#8220;][vc_column]<div class=\"ult-spacer spacer-69e89e6863119\" data-id=\"69e89e6863119\" data-height=\"90\" data-height-mobile=\"60\" data-height-tab=\"90\" data-height-tab-portrait=\"60\" data-height-mobile-landscape=\"60\" style=\"clear:both;display:block;\"><\/div>[vc_row_inner][vc_column_inner width=&#8220;7\/12&#8243;][\/vc_column_inner][vc_column_inner width=&#8220;5\/12&#8243; css=&#8220;.vc_custom_1679036919956{padding: 30px !important;background-color: rgba(255,255,255,0.75) !important;*background-color: rgb(255,255,255) !important;}&#8220;][vc_column_text]<\/p>\n<h3 style=\"text-align: center;\">Folgen Sie uns auf Facebook<\/h3>\n<p style=\"text-align: center;\">Besuchen Sie unsere Facebook-Seite und verfolgen Sie unser t\u00e4gliches Leben<\/p>\n<p>[\/vc_column_text][vc_empty_space height=&#8220;30px&#8220;][vc_raw_html]PGNlbnRlcj4KPGRpdiBpZD0iZmItcm9vdCI+PC9kaXY+CjxzY3JpcHQgYXN5bmM9IiIgZGVmZXIgY3Jvc3NvcmlnaW49ImFub255bW91cyIgc3JjPSJodHRwczovL2Nvbm5lY3QuZmFjZWJvb2submV0L2RhX0RLL3Nkay5qcyN4ZmJtbD0xJmFtcDt2ZXJzaW9uPXYxNi4wIiBub25jZT0iclF0dEJmT3ciPjwvc2NyaXB0Pgo8ZGl2IGNsYXNzPSJmYi1wYWdlIiBkYXRhLWhyZWY9Imh0dHBzOi8vbS5mYWNlYm9vay5jb20vSGF2bmVraW9za2VuQWFybyAgIiBkYXRhLXRhYnM9InRpbWVsaW5lIiBkYXRhLXdpZHRoPSI1MDAiIGRhdGEtaGVpZ2h0PSI0MDAiIGRhdGEtc21hbGwtaGVhZGVyPSJmYWxzZSIgZGF0YS1hZGFwdC1jb250YWluZXItd2lkdGg9InRydWUiIGRhdGEtaGlkZS1jb3Zlcj0iZmFsc2UiIGRhdGEtc2hvdy1mYWNlcGlsZT0idHJ1ZSI+PGJsb2NrcXVvdGUgY2l0ZT0iaHR0cHM6Ly9tLmZhY2Vib29rLmNvbS9IYXZuZWtpb3NrZW5BYXJvIiBjbGFzcz0iZmIteGZibWwtcGFyc2UtaWdub3JlIj48YSBocmVmPSJodHRwczovL20uZmFjZWJvb2suY29tL0hhdm5la2lvc2tlbkFhcm8iPkRpZSBQZXJsZSB2b24gQWFyw7g8L2E+PC9ibG9ja3F1b3RlPjwvZGl2Pgo8L2NlbnRlcj4=[\/vc_raw_html][\/vc_column_inner][\/vc_row_inner]<div class=\"ult-spacer spacer-69e89e6863137\" data-id=\"69e89e6863137\" data-height=\"90\" data-height-mobile=\"60\" data-height-tab=\"90\" data-height-tab-portrait=\"60\" data-height-mobile-landscape=\"60\" style=\"clear:both;display:block;\"><\/div>[\/vc_column][\/vc_row][vc_row][vc_column]<div class=\"ult-spacer spacer-69e89e6863152\" data-id=\"69e89e6863152\" data-height=\"90\" data-height-mobile=\"60\" data-height-tab=\"90\" data-height-tab-portrait=\"60\" data-height-mobile-landscape=\"60\" style=\"clear:both;display:block;\"><\/div>[vc_row_inner][vc_column_inner width=&#8220;1\/2&#8243;][vc_column_text css=&#8220;.vc_custom_1682341421307{padding-top: 30px !important;padding-right: 30px !important;padding-bottom: 38px !important;padding-left: 30px !important;background-color: #f7f7f7 !important;}&#8220;]<\/p>\n<h3 style=\"text-align: center;\">Kontaktieren Sie uns heute<\/h3>\n<p style=\"text-align: center;\"><strong>Die Perle von Aar\u00f8<\/strong><br \/>\nAar\u00f8 2, 6100 Haderslev<\/p>\n<p style=\"text-align: center;\"><a href=\"tel:51293020\">(+45) 51 29 30 20<\/a><br \/>\n<a href=\"mailto:olafsogaard@mail.dk\">olafsogaard@mail.dk<\/a><br \/>\nCVR-Nr.: 74174914<\/p>\n<p>[\/vc_column_text][\/vc_column_inner][vc_column_inner width=&#8220;1\/2&#8243;][vc_column_text css=&#8220;.vc_custom_1682341341463{padding-top: 30px !important;padding-right: 30px !important;padding-bottom: 30px !important;padding-left: 30px !important;background-color: #f7f7f7 !important;}&#8220;]<\/p>\n<h3 style=\"text-align: center;\">\u00d6ffnungszeiten:<\/h3>\n<p>&nbsp;<\/p>\n<p style=\"text-align: center;\">Montag-Freitag: 11:00-20:00<\/p>\n<p>&nbsp;<\/p>\n<p style=\"text-align: center;\">Samstag-Sonntag: 11:00-20:00<\/p>\n<p>[\/vc_column_text][\/vc_column_inner][\/vc_row_inner]<div class=\"ult-spacer spacer-69e89e686316f\" data-id=\"69e89e686316f\" data-height=\"90\" data-height-mobile=\"60\" data-height-tab=\"90\" data-height-tab-portrait=\"60\" data-height-mobile-landscape=\"60\" style=\"clear:both;display:block;\"><\/div>[\/vc_column][\/vc_row][vc_row full_width=&#8220;stretch_row_content_no_spaces&#8220;][vc_column][vc_gmaps link=&#8220;#E-8_JTNDaWZyYW1lJTIwc3JjJTNEJTIyaHR0cHMlM0ElMkYlMkZ3d3cuZ29vZ2xlLmNvbSUyRm1hcHMlMkZlbWJlZCUzRnBiJTNEJTIxMW0xOCUyMTFtMTIlMjExbTMlMjExZDEyMzE2Ljc4NDQ0NjQzMTczNyUyMTJkOS43MTQ2NjgwNTk4MTk5ODklMjEzZDU1LjI1ODEyNjc5Njk2MzI4JTIxMm0zJTIxMWYwJTIxMmYwJTIxM2YwJTIxM20yJTIxMWkxMDI0JTIxMmk3NjglMjE0ZjEzLjElMjEzbTMlMjExbTIlMjExczB4NDY0Y2I3NmE5ZjU5OWE2ZiUyNTNBMHhjMDNiYzNmZjQ5MDJlMzc0JTIxMnNBYXIlMjVDMyUyNUI4JTI1MjAyJTI1MkMlMjUyMDYxMDAlMjUyMEhhZGVyc2xldiUyMTVlMCUyMTNtMiUyMTFzZGElMjEyc2RrJTIxNHYxNjc4OTc4MjQ5Nzc5JTIxNW0yJTIxMXNkYSUyMTJzZGslMjIlMjB3aWR0aCUzRCUyMjYwMCUyMiUyMGhlaWdodCUzRCUyMjQ1MCUyMiUyMHN0eWxlJTNEJTIyYm9yZGVyJTNBMCUzQiUyMiUyMGFsbG93ZnVsbHNjcmVlbiUzRCUyMiUyMiUyMGxvYWRpbmclM0QlMjJsYXp5JTIyJTIwcmVmZXJyZXJwb2xpY3klM0QlMjJuby1yZWZlcnJlci13aGVuLWRvd25ncmFkZSUyMiUzRSUzQyUyRmlmcmFtZSUzRQ==&#8220; size=&#8220;400px&#8220; css=&#8220;.vc_custom_1679037102193{margin-bottom: 0px !important;}&#8220; el_class=&#8220;grayscale&#8220;][\/vc_column][\/vc_row]<\/p>\n<\/div>","protected":false},"excerpt":{"rendered":"<p>[vc_row full_width=&#8220;stretch_row&#8220; css=&#8220;.vc_custom_1679040955947{background-image: url(https:\/\/aaros-perle.dk\/wp-content\/uploads\/2023\/03\/69e0fb38-e6e4-4b96-a777-080ef4a7291b.jpeg?id=5116) !important;background-position: center !important;background-repeat: no-repeat !important;background-size: cover !important;}&#8220; el_class=&#8220;overlay mobile-hero&#8220;][vc_column offset=&#8220;vc_hidden-lg vc_hidden-md vc_hidden-sm&#8220;][vc_column_text] Die Perle von Aar\u00f8 Am Hafen finden Sie die Perle von Aar\u00f8 [\/vc_column_text][vc_empty_space height=&#8220;30px&#8220;][vc_btn title=&#8220;Kontakt&#8220; style=&#8220;custom&#8220; custom_background=&#8220;#931d23&#8243; custom_text=&#8220;#ffffff&#8220; shape=&#8220;square&#8220; size=&#8220;sm&#8220; align=&#8220;center&#8220; link=&#8220;url:https%3A%2F%2Faaros-perle.dk%2Fde%2F%3Fpage_id%3D5430|title:Behandlung%20buchen|&#8220;][\/vc_column][\/vc_row][vc_row full_width=&#8220;stretch_row&#8220;][vc_column][vc_row_inner][vc_column_inner offset=&#8220;vc_col-lg-2 vc_col-md-2 vc_col-xs-12&#8243;][\/vc_column_inner][vc_column_inner offset=&#8220;vc_col-lg-8 vc_col-md-8 vc_col-xs-12&#8243;][vc_column_text] Die Perle von Aar\u00f8 Restaurant, \u00dcbernachtung und Fr\u00fchst\u00fcck &amp; touristischer &#8230; <a title=\"Hauptseite\" class=\"read-more\" href=\"https:\/\/aaros-perle.dk\/de\/\" aria-label=\"Mehr zu Hauptseite\">Weiterlesen &#8230;<\/a><\/p>\n","protected":false},"author":1,"featured_media":0,"parent":0,"menu_order":0,"comment_status":"closed","ping_status":"closed","template":"","meta":{"footnotes":""},"categories":[],"class_list":["post-5532","page","type-page","status-publish"],"acf":[],"yoast_head":"<!-- This site is optimized with the Yoast SEO plugin v27.1.1 - https:\/\/yoast.com\/product\/yoast-seo-wordpress\/ -->\n<title>%Havekiosk, Bed and Breakfast og turistk\u00f8rsel i Haderslev &#183; %%<\/title>\n<meta name=\"robots\" content=\"index, follow, max-snippet:-1, max-image-preview:large, max-video-preview:-1\" \/>\n<link rel=\"canonical\" href=\"https:\/\/aaros-perle.dk\/de\/hauptseite\/\" \/>\n<meta property=\"og:locale\" content=\"de_DE\" \/>\n<meta property=\"og:type\" content=\"article\" \/>\n<meta property=\"og:title\" content=\"%Havekiosk, Bed and Breakfast og turistk\u00f8rsel i Haderslev &#183; %%\" \/>\n<meta property=\"og:description\" content=\"[vc_row full_width=&#8220;stretch_row&#8220; css=&#8220;.vc_custom_1679040955947{background-image: url(https:\/\/aaros-perle.dk\/wp-content\/uploads\/2023\/03\/69e0fb38-e6e4-4b96-a777-080ef4a7291b.jpeg?id=5116) !important;background-position: center !important;background-repeat: no-repeat !important;background-size: cover !important;}&#8220; el_class=&#8220;overlay mobile-hero&#8220;][vc_column offset=&#8220;vc_hidden-lg vc_hidden-md vc_hidden-sm&#8220;][vc_column_text] Die Perle von Aar\u00f8 Am Hafen finden Sie die Perle von Aar\u00f8 [\/vc_column_text][vc_empty_space height=&#8220;30px&#8220;][vc_btn title=&#8220;Kontakt&#8220; style=&#8220;custom&#8220; custom_background=&#8220;#931d23&#8243; custom_text=&#8220;#ffffff&#8220; shape=&#8220;square&#8220; size=&#8220;sm&#8220; align=&#8220;center&#8220; link=&#8220;url:https%3A%2F%2Faaros-perle.dk%2Fde%2F%3Fpage_id%3D5430|title:Behandlung%20buchen|&#8220;][\/vc_column][\/vc_row][vc_row full_width=&#8220;stretch_row&#8220;][vc_column][vc_row_inner][vc_column_inner offset=&#8220;vc_col-lg-2 vc_col-md-2 vc_col-xs-12&#8243;][\/vc_column_inner][vc_column_inner offset=&#8220;vc_col-lg-8 vc_col-md-8 vc_col-xs-12&#8243;][vc_column_text] Die Perle von Aar\u00f8 Restaurant, \u00dcbernachtung und Fr\u00fchst\u00fcck &amp; touristischer ... Weiterlesen ...\" \/>\n<meta property=\"og:url\" content=\"https:\/\/aaros-perle.dk\/de\/hauptseite\/\" \/>\n<meta property=\"og:site_name\" content=\"Aar\u00f8&#039;s Perle\" \/>\n<meta property=\"article:modified_time\" content=\"2023-06-02T06:52:16+00:00\" \/>\n<meta name=\"twitter:card\" content=\"summary_large_image\" \/>\n<meta name=\"twitter:label1\" content=\"Gesch\u00e4tzte Lesezeit\" \/>\n\t<meta name=\"twitter:data1\" content=\"7\u00a0Minuten\" \/>\n<script type=\"application\/ld+json\" class=\"yoast-schema-graph\">{\"@context\":\"https:\/\/schema.org\",\"@graph\":[{\"@type\":\"WebPage\",\"@id\":\"https:\/\/aaros-perle.dk\/de\/hauptseite\/\",\"url\":\"https:\/\/aaros-perle.dk\/de\/hauptseite\/\",\"name\":\"%Havekiosk, Bed and Breakfast og turistk\u00f8rsel i Haderslev &#183; %%\",\"isPartOf\":{\"@id\":\"https:\/\/aaros-perle.dk\/#website\"},\"datePublished\":\"2020-02-12T07:51:30+00:00\",\"dateModified\":\"2023-06-02T06:52:16+00:00\",\"breadcrumb\":{\"@id\":\"https:\/\/aaros-perle.dk\/de\/hauptseite\/#breadcrumb\"},\"inLanguage\":\"de\",\"potentialAction\":[{\"@type\":\"ReadAction\",\"target\":[\"https:\/\/aaros-perle.dk\/de\/hauptseite\/\"]}]},{\"@type\":\"BreadcrumbList\",\"@id\":\"https:\/\/aaros-perle.dk\/de\/hauptseite\/#breadcrumb\",\"itemListElement\":[{\"@type\":\"ListItem\",\"position\":1,\"name\":\"Hjem\",\"item\":\"https:\/\/aaros-perle.dk\/de\/hauptseite\/\"},{\"@type\":\"ListItem\",\"position\":2,\"name\":\"Hauptseite\"}]},{\"@type\":\"WebSite\",\"@id\":\"https:\/\/aaros-perle.dk\/#website\",\"url\":\"https:\/\/aaros-perle.dk\/\",\"name\":\"Aar\u00f8&#039;s Perle\",\"description\":\"Havekiosk, Bed and Breakfast og turistk\u00f8rsel i Haderslev\",\"publisher\":{\"@id\":\"https:\/\/aaros-perle.dk\/#organization\"},\"potentialAction\":[{\"@type\":\"SearchAction\",\"target\":{\"@type\":\"EntryPoint\",\"urlTemplate\":\"https:\/\/aaros-perle.dk\/?s={search_term_string}\"},\"query-input\":{\"@type\":\"PropertyValueSpecification\",\"valueRequired\":true,\"valueName\":\"search_term_string\"}}],\"inLanguage\":\"de\"},{\"@type\":\"Organization\",\"@id\":\"https:\/\/aaros-perle.dk\/#organization\",\"name\":\"Aar\u00f8&#039;s Perle\",\"url\":\"https:\/\/aaros-perle.dk\/\",\"logo\":{\"@type\":\"ImageObject\",\"inLanguage\":\"de\",\"@id\":\"https:\/\/aaros-perle.dk\/#\/schema\/logo\/image\/\",\"url\":\"https:\/\/aaros-perle.dk\/wp-content\/uploads\/2023\/04\/logo-aaroes-perle-logo.png\",\"contentUrl\":\"https:\/\/aaros-perle.dk\/wp-content\/uploads\/2023\/04\/logo-aaroes-perle-logo.png\",\"width\":1020,\"height\":244,\"caption\":\"Aar\u00f8&#039;s Perle\"},\"image\":{\"@id\":\"https:\/\/aaros-perle.dk\/#\/schema\/logo\/image\/\"}}]}<\/script>\n<!-- \/ Yoast SEO plugin. -->","yoast_head_json":{"title":"%Havekiosk, Bed and Breakfast og turistk\u00f8rsel i Haderslev &#183; %%","robots":{"index":"index","follow":"follow","max-snippet":"max-snippet:-1","max-image-preview":"max-image-preview:large","max-video-preview":"max-video-preview:-1"},"canonical":"https:\/\/aaros-perle.dk\/de\/hauptseite\/","og_locale":"de_DE","og_type":"article","og_title":"%Havekiosk, Bed and Breakfast og turistk\u00f8rsel i Haderslev &#183; %%","og_description":"[vc_row full_width=&#8220;stretch_row&#8220; css=&#8220;.vc_custom_1679040955947{background-image: url(https:\/\/aaros-perle.dk\/wp-content\/uploads\/2023\/03\/69e0fb38-e6e4-4b96-a777-080ef4a7291b.jpeg?id=5116) !important;background-position: center !important;background-repeat: no-repeat !important;background-size: cover !important;}&#8220; el_class=&#8220;overlay mobile-hero&#8220;][vc_column offset=&#8220;vc_hidden-lg vc_hidden-md vc_hidden-sm&#8220;][vc_column_text] Die Perle von Aar\u00f8 Am Hafen finden Sie die Perle von Aar\u00f8 [\/vc_column_text][vc_empty_space height=&#8220;30px&#8220;][vc_btn title=&#8220;Kontakt&#8220; style=&#8220;custom&#8220; custom_background=&#8220;#931d23&#8243; custom_text=&#8220;#ffffff&#8220; shape=&#8220;square&#8220; size=&#8220;sm&#8220; align=&#8220;center&#8220; link=&#8220;url:https%3A%2F%2Faaros-perle.dk%2Fde%2F%3Fpage_id%3D5430|title:Behandlung%20buchen|&#8220;][\/vc_column][\/vc_row][vc_row full_width=&#8220;stretch_row&#8220;][vc_column][vc_row_inner][vc_column_inner offset=&#8220;vc_col-lg-2 vc_col-md-2 vc_col-xs-12&#8243;][\/vc_column_inner][vc_column_inner offset=&#8220;vc_col-lg-8 vc_col-md-8 vc_col-xs-12&#8243;][vc_column_text] Die Perle von Aar\u00f8 Restaurant, \u00dcbernachtung und Fr\u00fchst\u00fcck &amp; touristischer ... Weiterlesen ...","og_url":"https:\/\/aaros-perle.dk\/de\/hauptseite\/","og_site_name":"Aar\u00f8&#039;s Perle","article_modified_time":"2023-06-02T06:52:16+00:00","twitter_card":"summary_large_image","twitter_misc":{"Gesch\u00e4tzte Lesezeit":"7\u00a0Minuten"},"schema":{"@context":"https:\/\/schema.org","@graph":[{"@type":"WebPage","@id":"https:\/\/aaros-perle.dk\/de\/hauptseite\/","url":"https:\/\/aaros-perle.dk\/de\/hauptseite\/","name":"%Havekiosk, Bed and Breakfast og turistk\u00f8rsel i Haderslev &#183; %%","isPartOf":{"@id":"https:\/\/aaros-perle.dk\/#website"},"datePublished":"2020-02-12T07:51:30+00:00","dateModified":"2023-06-02T06:52:16+00:00","breadcrumb":{"@id":"https:\/\/aaros-perle.dk\/de\/hauptseite\/#breadcrumb"},"inLanguage":"de","potentialAction":[{"@type":"ReadAction","target":["https:\/\/aaros-perle.dk\/de\/hauptseite\/"]}]},{"@type":"BreadcrumbList","@id":"https:\/\/aaros-perle.dk\/de\/hauptseite\/#breadcrumb","itemListElement":[{"@type":"ListItem","position":1,"name":"Hjem","item":"https:\/\/aaros-perle.dk\/de\/hauptseite\/"},{"@type":"ListItem","position":2,"name":"Hauptseite"}]},{"@type":"WebSite","@id":"https:\/\/aaros-perle.dk\/#website","url":"https:\/\/aaros-perle.dk\/","name":"Aar\u00f8&#039;s Perle","description":"Havekiosk, Bed and Breakfast og turistk\u00f8rsel i Haderslev","publisher":{"@id":"https:\/\/aaros-perle.dk\/#organization"},"potentialAction":[{"@type":"SearchAction","target":{"@type":"EntryPoint","urlTemplate":"https:\/\/aaros-perle.dk\/?s={search_term_string}"},"query-input":{"@type":"PropertyValueSpecification","valueRequired":true,"valueName":"search_term_string"}}],"inLanguage":"de"},{"@type":"Organization","@id":"https:\/\/aaros-perle.dk\/#organization","name":"Aar\u00f8&#039;s Perle","url":"https:\/\/aaros-perle.dk\/","logo":{"@type":"ImageObject","inLanguage":"de","@id":"https:\/\/aaros-perle.dk\/#\/schema\/logo\/image\/","url":"https:\/\/aaros-perle.dk\/wp-content\/uploads\/2023\/04\/logo-aaroes-perle-logo.png","contentUrl":"https:\/\/aaros-perle.dk\/wp-content\/uploads\/2023\/04\/logo-aaroes-perle-logo.png","width":1020,"height":244,"caption":"Aar\u00f8&#039;s Perle"},"image":{"@id":"https:\/\/aaros-perle.dk\/#\/schema\/logo\/image\/"}}]}},"_links":{"self":[{"href":"https:\/\/aaros-perle.dk\/de\/wp-json\/wp\/v2\/pages\/5532","targetHints":{"allow":["GET"]}}],"collection":[{"href":"https:\/\/aaros-perle.dk\/de\/wp-json\/wp\/v2\/pages"}],"about":[{"href":"https:\/\/aaros-perle.dk\/de\/wp-json\/wp\/v2\/types\/page"}],"author":[{"embeddable":true,"href":"https:\/\/aaros-perle.dk\/de\/wp-json\/wp\/v2\/users\/1"}],"replies":[{"embeddable":true,"href":"https:\/\/aaros-perle.dk\/de\/wp-json\/wp\/v2\/comments?post=5532"}],"version-history":[{"count":2,"href":"https:\/\/aaros-perle.dk\/de\/wp-json\/wp\/v2\/pages\/5532\/revisions"}],"predecessor-version":[{"id":5547,"href":"https:\/\/aaros-perle.dk\/de\/wp-json\/wp\/v2\/pages\/5532\/revisions\/5547"}],"wp:attachment":[{"href":"https:\/\/aaros-perle.dk\/de\/wp-json\/wp\/v2\/media?parent=5532"}],"wp:term":[{"taxonomy":"category","embeddable":true,"href":"https:\/\/aaros-perle.dk\/de\/wp-json\/wp\/v2\/categories?post=5532"}],"curies":[{"name":"wp","href":"https:\/\/api.w.org\/{rel}","templated":true}]}}