{"id":5511,"date":"2023-03-16T15:45:05","date_gmt":"2023-03-16T14:45:05","guid":{"rendered":"https:\/\/aaros-perle.dk\/tourist-driving\/"},"modified":"2025-01-03T15:07:41","modified_gmt":"2025-01-03T14:07:41","slug":"tourist-driving","status":"publish","type":"page","link":"https:\/\/aaros-perle.dk\/en\/tourist-driving\/","title":{"rendered":"Tourist driving"},"content":{"rendered":"<div class=\"wpb-content-wrapper\"><p>[vc_row full_width=&#8221;stretch_row&#8221;][vc_column]<div class=\"ult-spacer spacer-69f58e66b4c58\" data-id=\"69f58e66b4c58\" data-height=\"90\" data-height-mobile=\"60\" data-height-tab=\"90\" data-height-tab-portrait=\"60\" data-height-mobile-landscape=\"60\" style=\"clear:both;display:block;\"><\/div>[vc_column_text]<\/p>\n<h2>Island tour<\/h2>\n<p>[\/vc_column_text][vc_empty_space height=&#8221;30px&#8221;][vc_separator color=&#8221;custom&#8221; accent_color=&#8221;rgba(0,0,0,0.1)&#8221;]<div class=\"ult-spacer spacer-69f58e66b4c9a\" data-id=\"69f58e66b4c9a\" data-height=\"45\" data-height-mobile=\"30\" data-height-tab=\"45\" data-height-tab-portrait=\"30\" data-height-mobile-landscape=\"30\" style=\"clear:both;display:block;\"><\/div>[vc_row_inner][vc_column_inner offset=&#8221;vc_col-lg-8 vc_col-md-8 vc_col-xs-12&#8243;][vc_column_text]<\/p>\n<h3>We offer a special island tour by tractor and cart on Aar\u00f8&#8217;s pearl.<\/h3>\n<p>DISCOVER AAR\u00d8 WITH THE PEARL OF AAR\u00d8<br \/>\nTake a tour of the island.<br \/>\nDuration approx. 1\u00bd hours.<br \/>\nWe pass by the &#8220;H\u00f8jvandsstenen&#8221;, Bulladen, Brummers<br \/>\nGaard, the community center &#8220;Aar\u00f8hus&#8221;, the old school,<br \/>\nThe waterworks, Fire station &#8220;\u00c6 spr\u00f8jthus&#8221;, Christmas church, the island&#8217;s<br \/>\nhighest point, Pumping Station, Bird Tower, Aar\u00f8 Camping,<br \/>\nAar\u00f8 Fish Smokehouse, South Beach, \u00c5r\u00f8 Winery, Nature Playground,<br \/>\nAar\u00f8 Bryg, Aar\u00f8g\u00e5rd.<br \/>\nAlong the way, there will be stops and opportunities to<br \/>\nvisit the farm shops.<br \/>\n<strong>Price DKK 80,- per person.<\/strong><br \/>\nMin. Kr. 800,-<br \/>\nContact Aar\u00f8s Perle, Aar\u00f8 Harbour or Tel:<br \/>\n(+45)<strong> 51 29 30 20<\/strong>[\/vc_column_text][vc_empty_space height=&#8221;30px&#8221;][vc_btn title=&#8221;Island tour&#8221; style=&#8221;custom&#8221; custom_background=&#8221;#931d23&#8243; custom_text=&#8221;#ffffff&#8221; shape=&#8221;square&#8221; link=&#8221;url:%2Fwp-content%2Fuploads%2F2023%2F03%2Fguided-tour-1-time.pdf|target:_blank|&#8221;][vc_btn title=&#8221;Aar\u00f8 ferry&#8221; style=&#8221;custom&#8221; custom_background=&#8221;#931d23&#8243; custom_text=&#8221;#ffffff&#8221; shape=&#8221;square&#8221; link=&#8221;url:https%3A%2F%2Fwww.haderslev.dk%2Fservice%2Ftrafik-og-veje%2Ftrafik%2Foffentlig-transport%2Faaroefaergen%2F|target:_blank|&#8221;]<div class=\"ult-spacer spacer-69f58e66b4cc6\" data-id=\"69f58e66b4cc6\" data-height=\"0\" data-height-mobile=\"30\" data-height-tab=\"0\" data-height-tab-portrait=\"30\" data-height-mobile-landscape=\"30\" style=\"clear:both;display:block;\"><\/div>[\/vc_column_inner][vc_column_inner offset=&#8221;vc_col-lg-4 vc_col-md-4 vc_col-xs-12&#8243;][\/vc_column_inner][\/vc_row_inner]<div class=\"ult-spacer spacer-69f58e66b4cea\" data-id=\"69f58e66b4cea\" data-height=\"60\" data-height-mobile=\"30\" data-height-tab=\"60\" data-height-tab-portrait=\"30\" data-height-mobile-landscape=\"30\" style=\"clear:both;display:block;\"><\/div>[vc_media_grid element_width=&#8221;3&#8243; gap=&#8221;20&#8243; grid_id=&#8221;vc_gid:1681320455406-3b173de6-0274-4&#8243; include=&#8221;5129,5134,5122,5136&#8243;]<div class=\"ult-spacer spacer-69f58e66b4d07\" data-id=\"69f58e66b4d07\" data-height=\"90\" data-height-mobile=\"60\" data-height-tab=\"90\" data-height-tab-portrait=\"60\" data-height-mobile-landscape=\"60\" style=\"clear:both;display:block;\"><\/div>[\/vc_column][\/vc_row][vc_row full_width=&#8221;stretch_row&#8221; el_class=&#8221;white parallax overlay&#8221; css=&#8221;.vc_custom_1679040107813{background-image: url(https:\/\/aaros-perle.dk\/wp-content\/uploads\/2023\/03\/69e0fb38-e6e4-4b96-a777-080ef4a7291b.jpeg?id=5116) !important;background-position: center !important;background-repeat: no-repeat !important;background-size: cover !important;}&#8221;][vc_column]<div class=\"ult-spacer spacer-69f58e66b4d22\" data-id=\"69f58e66b4d22\" data-height=\"135\" data-height-mobile=\"90\" data-height-tab=\"135\" data-height-tab-portrait=\"90\" data-height-mobile-landscape=\"90\" style=\"clear:both;display:block;\"><\/div>[vc_row_inner][vc_column_inner offset=&#8221;vc_col-lg-2 vc_col-md-2 vc_col-xs-12&#8243;][\/vc_column_inner][vc_column_inner offset=&#8221;vc_col-lg-8 vc_col-md-8 vc_col-xs-12&#8243;][vc_column_text]<\/p>\n<h3 style=\"text-align: center;\">Contact us<\/h3>\n<p style=\"text-align: center;\">We&#8217;re ready to answer any questions you may have.<br \/>\nDon&#8217;t hesitate to call:<br \/>\n<strong>51 29 30 20<\/strong><\/p>\n<p style=\"text-align: center;\"><a class=\"custom-link\" href=\"https:\/\/aaros-perle.dk\/en\/?page_id=5491\">Contact us today<\/a><\/p>\n<p>[\/vc_column_text][\/vc_column_inner][vc_column_inner offset=&#8221;vc_col-lg-2 vc_col-md-2 vc_col-xs-12&#8243;][\/vc_column_inner][\/vc_row_inner]<div class=\"ult-spacer spacer-69f58e66b4d3c\" data-id=\"69f58e66b4d3c\" data-height=\"135\" data-height-mobile=\"90\" data-height-tab=\"135\" data-height-tab-portrait=\"90\" data-height-mobile-landscape=\"90\" style=\"clear:both;display:block;\"><\/div>[\/vc_column][\/vc_row]<\/p>\n<\/div>","protected":false},"excerpt":{"rendered":"<p>[vc_row full_width=&#8221;stretch_row&#8221;][vc_column][vc_column_text] Island tour [\/vc_column_text][vc_empty_space height=&#8221;30px&#8221;][vc_separator color=&#8221;custom&#8221; accent_color=&#8221;rgba(0,0,0,0.1)&#8221;][vc_row_inner][vc_column_inner offset=&#8221;vc_col-lg-8 vc_col-md-8 vc_col-xs-12&#8243;][vc_column_text] We offer a special island tour by tractor and cart on Aar\u00f8&#8217;s pearl. DISCOVER AAR\u00d8 WITH THE PEARL OF AAR\u00d8 Take a tour of the island. Duration approx. 1\u00bd hours. We pass by the &#8220;H\u00f8jvandsstenen&#8221;, Bulladen, Brummers Gaard, the community center &#8220;Aar\u00f8hus&#8221;, the old &#8230; <a title=\"Tourist driving\" class=\"read-more\" href=\"https:\/\/aaros-perle.dk\/en\/tourist-driving\/\" aria-label=\"More on Tourist driving\">Read more<\/a><\/p>\n","protected":false},"author":1,"featured_media":5373,"parent":0,"menu_order":10,"comment_status":"closed","ping_status":"closed","template":"","meta":{"footnotes":""},"categories":[30],"class_list":{"0":"post-5511","1":"page","2":"type-page","3":"status-publish","4":"has-post-thumbnail","6":"category-focus"},"acf":[],"yoast_head":"<!-- This site is optimized with the Yoast SEO plugin v27.1.1 - https:\/\/yoast.com\/product\/yoast-seo-wordpress\/ -->\n<title>Tourist driving &#183; Aar\u00f8&#039;s Perle<\/title>\n<meta name=\"robots\" content=\"index, follow, max-snippet:-1, max-image-preview:large, max-video-preview:-1\" \/>\n<link rel=\"canonical\" href=\"https:\/\/aaros-perle.dk\/en\/tourist-driving\/\" \/>\n<meta property=\"og:locale\" content=\"en_US\" \/>\n<meta property=\"og:type\" content=\"article\" \/>\n<meta property=\"og:title\" content=\"Tourist driving &#183; Aar\u00f8&#039;s Perle\" \/>\n<meta property=\"og:description\" content=\"[vc_row full_width=&#8221;stretch_row&#8221;][vc_column][vc_column_text] Island tour [\/vc_column_text][vc_empty_space height=&#8221;30px&#8221;][vc_separator color=&#8221;custom&#8221; accent_color=&#8221;rgba(0,0,0,0.1)&#8221;][vc_row_inner][vc_column_inner offset=&#8221;vc_col-lg-8 vc_col-md-8 vc_col-xs-12&#8243;][vc_column_text] We offer a special island tour by tractor and cart on Aar\u00f8&#8217;s pearl. DISCOVER AAR\u00d8 WITH THE PEARL OF AAR\u00d8 Take a tour of the island. Duration approx. 1\u00bd hours. We pass by the &#8220;H\u00f8jvandsstenen&#8221;, Bulladen, Brummers Gaard, the community center &#8220;Aar\u00f8hus&#8221;, the old ... Read more\" \/>\n<meta property=\"og:url\" content=\"https:\/\/aaros-perle.dk\/en\/tourist-driving\/\" \/>\n<meta property=\"og:site_name\" content=\"Aar\u00f8&#039;s Perle\" \/>\n<meta property=\"article:modified_time\" content=\"2025-01-03T14:07:41+00:00\" \/>\n<meta property=\"og:image\" content=\"https:\/\/aaros-perle.dk\/wp-content\/uploads\/2023\/03\/20220527-124848-scaled.jpg\" \/>\n\t<meta property=\"og:image:width\" content=\"2048\" \/>\n\t<meta property=\"og:image:height\" content=\"1152\" \/>\n\t<meta property=\"og:image:type\" content=\"image\/jpeg\" \/>\n<meta name=\"twitter:card\" content=\"summary_large_image\" \/>\n<meta name=\"twitter:label1\" content=\"Est. reading time\" \/>\n\t<meta name=\"twitter:data1\" content=\"2 minutes\" \/>\n<script type=\"application\/ld+json\" class=\"yoast-schema-graph\">{\"@context\":\"https:\/\/schema.org\",\"@graph\":[{\"@type\":\"WebPage\",\"@id\":\"https:\/\/aaros-perle.dk\/en\/tourist-driving\/\",\"url\":\"https:\/\/aaros-perle.dk\/en\/tourist-driving\/\",\"name\":\"Tourist driving &#183; Aar\u00f8&#039;s Perle\",\"isPartOf\":{\"@id\":\"https:\/\/aaros-perle.dk\/#website\"},\"primaryImageOfPage\":{\"@id\":\"https:\/\/aaros-perle.dk\/en\/tourist-driving\/#primaryimage\"},\"image\":{\"@id\":\"https:\/\/aaros-perle.dk\/en\/tourist-driving\/#primaryimage\"},\"thumbnailUrl\":\"https:\/\/aaros-perle.dk\/wp-content\/uploads\/2023\/03\/20220527-124848-scaled.jpg\",\"datePublished\":\"2023-03-16T14:45:05+00:00\",\"dateModified\":\"2025-01-03T14:07:41+00:00\",\"breadcrumb\":{\"@id\":\"https:\/\/aaros-perle.dk\/en\/tourist-driving\/#breadcrumb\"},\"inLanguage\":\"en-US\",\"potentialAction\":[{\"@type\":\"ReadAction\",\"target\":[\"https:\/\/aaros-perle.dk\/en\/tourist-driving\/\"]}]},{\"@type\":\"ImageObject\",\"inLanguage\":\"en-US\",\"@id\":\"https:\/\/aaros-perle.dk\/en\/tourist-driving\/#primaryimage\",\"url\":\"https:\/\/aaros-perle.dk\/wp-content\/uploads\/2023\/03\/20220527-124848-scaled.jpg\",\"contentUrl\":\"https:\/\/aaros-perle.dk\/wp-content\/uploads\/2023\/03\/20220527-124848-scaled.jpg\",\"width\":2048,\"height\":1152},{\"@type\":\"BreadcrumbList\",\"@id\":\"https:\/\/aaros-perle.dk\/en\/tourist-driving\/#breadcrumb\",\"itemListElement\":[{\"@type\":\"ListItem\",\"position\":1,\"name\":\"Hjem\",\"item\":\"https:\/\/aaros-perle.dk\/en\/home\/\"},{\"@type\":\"ListItem\",\"position\":2,\"name\":\"Tourist driving\"}]},{\"@type\":\"WebSite\",\"@id\":\"https:\/\/aaros-perle.dk\/#website\",\"url\":\"https:\/\/aaros-perle.dk\/\",\"name\":\"Aar\u00f8&#039;s Perle\",\"description\":\"Havekiosk, Bed and Breakfast og turistk\u00f8rsel i Haderslev\",\"publisher\":{\"@id\":\"https:\/\/aaros-perle.dk\/#organization\"},\"potentialAction\":[{\"@type\":\"SearchAction\",\"target\":{\"@type\":\"EntryPoint\",\"urlTemplate\":\"https:\/\/aaros-perle.dk\/?s={search_term_string}\"},\"query-input\":{\"@type\":\"PropertyValueSpecification\",\"valueRequired\":true,\"valueName\":\"search_term_string\"}}],\"inLanguage\":\"en-US\"},{\"@type\":\"Organization\",\"@id\":\"https:\/\/aaros-perle.dk\/#organization\",\"name\":\"Aar\u00f8&#039;s Perle\",\"url\":\"https:\/\/aaros-perle.dk\/\",\"logo\":{\"@type\":\"ImageObject\",\"inLanguage\":\"en-US\",\"@id\":\"https:\/\/aaros-perle.dk\/#\/schema\/logo\/image\/\",\"url\":\"https:\/\/aaros-perle.dk\/wp-content\/uploads\/2023\/04\/logo-aaroes-perle-logo.png\",\"contentUrl\":\"https:\/\/aaros-perle.dk\/wp-content\/uploads\/2023\/04\/logo-aaroes-perle-logo.png\",\"width\":1020,\"height\":244,\"caption\":\"Aar\u00f8&#039;s Perle\"},\"image\":{\"@id\":\"https:\/\/aaros-perle.dk\/#\/schema\/logo\/image\/\"}}]}<\/script>\n<!-- \/ Yoast SEO plugin. -->","yoast_head_json":{"title":"Tourist driving &#183; Aar\u00f8&#039;s Perle","robots":{"index":"index","follow":"follow","max-snippet":"max-snippet:-1","max-image-preview":"max-image-preview:large","max-video-preview":"max-video-preview:-1"},"canonical":"https:\/\/aaros-perle.dk\/en\/tourist-driving\/","og_locale":"en_US","og_type":"article","og_title":"Tourist driving &#183; Aar\u00f8&#039;s Perle","og_description":"[vc_row full_width=&#8221;stretch_row&#8221;][vc_column][vc_column_text] Island tour [\/vc_column_text][vc_empty_space height=&#8221;30px&#8221;][vc_separator color=&#8221;custom&#8221; accent_color=&#8221;rgba(0,0,0,0.1)&#8221;][vc_row_inner][vc_column_inner offset=&#8221;vc_col-lg-8 vc_col-md-8 vc_col-xs-12&#8243;][vc_column_text] We offer a special island tour by tractor and cart on Aar\u00f8&#8217;s pearl. DISCOVER AAR\u00d8 WITH THE PEARL OF AAR\u00d8 Take a tour of the island. Duration approx. 1\u00bd hours. We pass by the &#8220;H\u00f8jvandsstenen&#8221;, Bulladen, Brummers Gaard, the community center &#8220;Aar\u00f8hus&#8221;, the old ... Read more","og_url":"https:\/\/aaros-perle.dk\/en\/tourist-driving\/","og_site_name":"Aar\u00f8&#039;s Perle","article_modified_time":"2025-01-03T14:07:41+00:00","og_image":[{"width":2048,"height":1152,"url":"https:\/\/aaros-perle.dk\/wp-content\/uploads\/2023\/03\/20220527-124848-scaled.jpg","type":"image\/jpeg"}],"twitter_card":"summary_large_image","twitter_misc":{"Est. reading time":"2 minutes"},"schema":{"@context":"https:\/\/schema.org","@graph":[{"@type":"WebPage","@id":"https:\/\/aaros-perle.dk\/en\/tourist-driving\/","url":"https:\/\/aaros-perle.dk\/en\/tourist-driving\/","name":"Tourist driving &#183; Aar\u00f8&#039;s Perle","isPartOf":{"@id":"https:\/\/aaros-perle.dk\/#website"},"primaryImageOfPage":{"@id":"https:\/\/aaros-perle.dk\/en\/tourist-driving\/#primaryimage"},"image":{"@id":"https:\/\/aaros-perle.dk\/en\/tourist-driving\/#primaryimage"},"thumbnailUrl":"https:\/\/aaros-perle.dk\/wp-content\/uploads\/2023\/03\/20220527-124848-scaled.jpg","datePublished":"2023-03-16T14:45:05+00:00","dateModified":"2025-01-03T14:07:41+00:00","breadcrumb":{"@id":"https:\/\/aaros-perle.dk\/en\/tourist-driving\/#breadcrumb"},"inLanguage":"en-US","potentialAction":[{"@type":"ReadAction","target":["https:\/\/aaros-perle.dk\/en\/tourist-driving\/"]}]},{"@type":"ImageObject","inLanguage":"en-US","@id":"https:\/\/aaros-perle.dk\/en\/tourist-driving\/#primaryimage","url":"https:\/\/aaros-perle.dk\/wp-content\/uploads\/2023\/03\/20220527-124848-scaled.jpg","contentUrl":"https:\/\/aaros-perle.dk\/wp-content\/uploads\/2023\/03\/20220527-124848-scaled.jpg","width":2048,"height":1152},{"@type":"BreadcrumbList","@id":"https:\/\/aaros-perle.dk\/en\/tourist-driving\/#breadcrumb","itemListElement":[{"@type":"ListItem","position":1,"name":"Hjem","item":"https:\/\/aaros-perle.dk\/en\/home\/"},{"@type":"ListItem","position":2,"name":"Tourist driving"}]},{"@type":"WebSite","@id":"https:\/\/aaros-perle.dk\/#website","url":"https:\/\/aaros-perle.dk\/","name":"Aar\u00f8&#039;s Perle","description":"Havekiosk, Bed and Breakfast og turistk\u00f8rsel i Haderslev","publisher":{"@id":"https:\/\/aaros-perle.dk\/#organization"},"potentialAction":[{"@type":"SearchAction","target":{"@type":"EntryPoint","urlTemplate":"https:\/\/aaros-perle.dk\/?s={search_term_string}"},"query-input":{"@type":"PropertyValueSpecification","valueRequired":true,"valueName":"search_term_string"}}],"inLanguage":"en-US"},{"@type":"Organization","@id":"https:\/\/aaros-perle.dk\/#organization","name":"Aar\u00f8&#039;s Perle","url":"https:\/\/aaros-perle.dk\/","logo":{"@type":"ImageObject","inLanguage":"en-US","@id":"https:\/\/aaros-perle.dk\/#\/schema\/logo\/image\/","url":"https:\/\/aaros-perle.dk\/wp-content\/uploads\/2023\/04\/logo-aaroes-perle-logo.png","contentUrl":"https:\/\/aaros-perle.dk\/wp-content\/uploads\/2023\/04\/logo-aaroes-perle-logo.png","width":1020,"height":244,"caption":"Aar\u00f8&#039;s Perle"},"image":{"@id":"https:\/\/aaros-perle.dk\/#\/schema\/logo\/image\/"}}]}},"_links":{"self":[{"href":"https:\/\/aaros-perle.dk\/en\/wp-json\/wp\/v2\/pages\/5511","targetHints":{"allow":["GET"]}}],"collection":[{"href":"https:\/\/aaros-perle.dk\/en\/wp-json\/wp\/v2\/pages"}],"about":[{"href":"https:\/\/aaros-perle.dk\/en\/wp-json\/wp\/v2\/types\/page"}],"author":[{"embeddable":true,"href":"https:\/\/aaros-perle.dk\/en\/wp-json\/wp\/v2\/users\/1"}],"replies":[{"embeddable":true,"href":"https:\/\/aaros-perle.dk\/en\/wp-json\/wp\/v2\/comments?post=5511"}],"version-history":[{"count":3,"href":"https:\/\/aaros-perle.dk\/en\/wp-json\/wp\/v2\/pages\/5511\/revisions"}],"predecessor-version":[{"id":5680,"href":"https:\/\/aaros-perle.dk\/en\/wp-json\/wp\/v2\/pages\/5511\/revisions\/5680"}],"wp:featuredmedia":[{"embeddable":true,"href":"https:\/\/aaros-perle.dk\/en\/wp-json\/wp\/v2\/media\/5373"}],"wp:attachment":[{"href":"https:\/\/aaros-perle.dk\/en\/wp-json\/wp\/v2\/media?parent=5511"}],"wp:term":[{"taxonomy":"category","embeddable":true,"href":"https:\/\/aaros-perle.dk\/en\/wp-json\/wp\/v2\/categories?post=5511"}],"curies":[{"name":"wp","href":"https:\/\/api.w.org\/{rel}","templated":true}]}}